{"id":101789,"date":"2023-10-23T13:41:00","date_gmt":"2023-10-23T11:41:00","guid":{"rendered":"https:\/\/www.cib.de\/?page_id=101789"},"modified":"2024-10-16T12:56:05","modified_gmt":"2024-10-16T10:56:05","slug":"accesibilidad","status":"publish","type":"page","link":"https:\/\/www.cib.de\/es\/barrierefreiheit\/","title":{"rendered":"Accesibilidad en este sitio web"},"content":{"rendered":"<div data-elementor-type=\"wp-page\" data-elementor-id=\"101789\" class=\"elementor elementor-101789\" data-elementor-post-type=\"page\">\n\t\t\t\t\t\t<section class=\"elementor-section elementor-top-section elementor-element elementor-element-4e6c8fa elementor-section-boxed elementor-section-height-default elementor-section-height-default\" data-id=\"4e6c8fa\" data-element_type=\"section\" data-e-type=\"section\">\n\t\t\t\t\t\t<div class=\"elementor-container elementor-column-gap-default\">\n\t\t\t\t\t<div class=\"elementor-column elementor-col-100 elementor-top-column elementor-element elementor-element-caa2239\" data-id=\"caa2239\" data-element_type=\"column\" data-e-type=\"column\">\n\t\t\t<div class=\"elementor-widget-wrap elementor-element-populated\">\n\t\t\t\t\t\t<div class=\"elementor-element elementor-element-109d0ec elementor-widget elementor-widget-heading\" data-id=\"109d0ec\" data-element_type=\"widget\" data-e-type=\"widget\" data-widget_type=\"heading.default\">\n\t\t\t\t<div class=\"elementor-widget-container\">\n\t\t\t\t\t<h2 class=\"elementor-heading-title elementor-size-default\">Accesibilidad en este sitio web<\/h2>\t\t\t\t<\/div>\n\t\t\t\t<\/div>\n\t\t\t\t\t<\/div>\n\t\t<\/div>\n\t\t\t\t\t<\/div>\n\t\t<\/section>\n\t\t\t\t<section class=\"elementor-section elementor-top-section elementor-element elementor-element-a1a6665 elementor-section-boxed elementor-section-height-default elementor-section-height-default\" data-id=\"a1a6665\" data-element_type=\"section\" data-e-type=\"section\">\n\t\t\t\t\t\t<div class=\"elementor-container elementor-column-gap-default\">\n\t\t\t\t\t<div class=\"elementor-column elementor-col-100 elementor-top-column elementor-element elementor-element-d9bfc2d\" data-id=\"d9bfc2d\" data-element_type=\"column\" data-e-type=\"column\">\n\t\t\t<div class=\"elementor-widget-wrap elementor-element-populated\">\n\t\t\t\t\t\t<div class=\"elementor-element elementor-element-4f08206 elementor-widget elementor-widget-text-editor\" data-id=\"4f08206\" data-element_type=\"widget\" data-e-type=\"widget\" data-widget_type=\"text-editor.default\">\n\t\t\t\t<div class=\"elementor-widget-container\">\n\t\t\t\t\t\t\t\t\t<p>Nos esforzamos por que el contenido de nuestro sitio web sea lo m\u00e1s accesible posible.<\/p><p class=\"translation-block\">La presente declaraci\u00f3n voluntaria sobre accesibilidad se aplica al sitio web de CIB publicado en <u><a href=\"https:\/\/www.cib.de\/es\/digitalizacion-accesible\/\" target=\"_self\">https:\/\/www.cib.de\/es\/digitalizacion-accesible\/<\/a><\/u>.<\/p><p>Como expertos en digitalizaci\u00f3n sin barreras, nos esforzamos por hacer accesibles nuestros sitios web y aplicaciones m\u00f3viles de acuerdo con las disposiciones de la ordenanza sobre Tecnolog\u00edas de la Informaci\u00f3n sin Barreras (BITV 2.0).<\/p>\t\t\t\t\t\t\t\t<\/div>\n\t\t\t\t<\/div>\n\t\t\t\t\t<\/div>\n\t\t<\/div>\n\t\t\t\t\t<\/div>\n\t\t<\/section>\n\t\t\t\t<section class=\"elementor-section elementor-top-section elementor-element elementor-element-23f1875 elementor-section-boxed elementor-section-height-default elementor-section-height-default\" data-id=\"23f1875\" data-element_type=\"section\" data-e-type=\"section\">\n\t\t\t\t\t\t<div class=\"elementor-container elementor-column-gap-default\">\n\t\t\t\t\t<div class=\"elementor-column elementor-col-100 elementor-top-column elementor-element elementor-element-2dfe538\" data-id=\"2dfe538\" data-element_type=\"column\" data-e-type=\"column\">\n\t\t\t<div class=\"elementor-widget-wrap elementor-element-populated\">\n\t\t\t\t\t\t<div class=\"elementor-element elementor-element-36510f5 elementor-widget elementor-widget-heading\" data-id=\"36510f5\" data-element_type=\"widget\" data-e-type=\"widget\" data-widget_type=\"heading.default\">\n\t\t\t\t<div class=\"elementor-widget-container\">\n\t\t\t\t\t<h2 class=\"elementor-heading-title elementor-size-default\">Estado de compatibilidad con los requisitos<\/h2>\t\t\t\t<\/div>\n\t\t\t\t<\/div>\n\t\t\t\t\t<\/div>\n\t\t<\/div>\n\t\t\t\t\t<\/div>\n\t\t<\/section>\n\t\t\t\t<section class=\"elementor-section elementor-top-section elementor-element elementor-element-9166a6e elementor-section-boxed elementor-section-height-default elementor-section-height-default\" data-id=\"9166a6e\" data-element_type=\"section\" data-e-type=\"section\">\n\t\t\t\t\t\t<div class=\"elementor-container elementor-column-gap-default\">\n\t\t\t\t\t<div class=\"elementor-column elementor-col-100 elementor-top-column elementor-element elementor-element-ed5f189\" data-id=\"ed5f189\" data-element_type=\"column\" data-e-type=\"column\">\n\t\t\t<div class=\"elementor-widget-wrap elementor-element-populated\">\n\t\t\t\t\t\t<div class=\"elementor-element elementor-element-2fa8100 elementor-widget elementor-widget-text-editor\" data-id=\"2fa8100\" data-element_type=\"widget\" data-e-type=\"widget\" data-widget_type=\"text-editor.default\">\n\t\t\t\t<div class=\"elementor-widget-container\">\n\t\t\t\t\t\t\t\t\t<p>Los requisitos de accesibilidad resultan de la Secci\u00f3n 3 (1) a (4) de BITV 2.0. en conjunci\u00f3n con la norma armonizadora EN 301 549 sobre \"Requisitos de accesibilidad para productos y servicios TIC\" (versi\u00f3n 3.2.1 - a partir de 03\/2021).<\/p><p>La revisi\u00f3n del cumplimiento de los requisitos se basa en una autoevaluaci\u00f3n realizada el 15 de octubre de 2023.<\/p><p>Bas\u00e1ndose en la revisi\u00f3n, el emplazamiento cumple plenamente los requisitos mencionados.<\/p>\t\t\t\t\t\t\t\t<\/div>\n\t\t\t\t<\/div>\n\t\t\t\t\t<\/div>\n\t\t<\/div>\n\t\t\t\t\t<\/div>\n\t\t<\/section>\n\t\t\t\t<section class=\"elementor-section elementor-top-section elementor-element elementor-element-29843f9 elementor-section-boxed elementor-section-height-default elementor-section-height-default\" data-id=\"29843f9\" data-element_type=\"section\" data-e-type=\"section\">\n\t\t\t\t\t\t<div class=\"elementor-container elementor-column-gap-default\">\n\t\t\t\t\t<div class=\"elementor-column elementor-col-100 elementor-top-column elementor-element elementor-element-4bdd013\" data-id=\"4bdd013\" data-element_type=\"column\" data-e-type=\"column\">\n\t\t\t<div class=\"elementor-widget-wrap elementor-element-populated\">\n\t\t\t\t\t\t<div class=\"elementor-element elementor-element-c1995ad elementor-widget elementor-widget-text-editor\" data-id=\"c1995ad\" data-element_type=\"widget\" data-e-type=\"widget\" data-widget_type=\"text-editor.default\">\n\t\t\t\t<div class=\"elementor-widget-container\">\n\t\t\t\t\t\t\t\t\t<p>Fecha de elaboraci\u00f3n o de la \u00faltima actualizaci\u00f3n de la declaraci\u00f3n: Esta declaraci\u00f3n se elabor\u00f3 el 22 de octubre de 2023.<\/p>\t\t\t\t\t\t\t\t<\/div>\n\t\t\t\t<\/div>\n\t\t\t\t\t<\/div>\n\t\t<\/div>\n\t\t\t\t\t<\/div>\n\t\t<\/section>\n\t\t\t\t<section class=\"elementor-section elementor-top-section elementor-element elementor-element-7fd1dc3 elementor-section-boxed elementor-section-height-default elementor-section-height-default\" data-id=\"7fd1dc3\" data-element_type=\"section\" data-e-type=\"section\">\n\t\t\t\t\t\t<div class=\"elementor-container elementor-column-gap-default\">\n\t\t\t\t\t<div class=\"elementor-column elementor-col-100 elementor-top-column elementor-element elementor-element-8236b1d\" data-id=\"8236b1d\" data-element_type=\"column\" data-e-type=\"column\">\n\t\t\t<div class=\"elementor-widget-wrap elementor-element-populated\">\n\t\t\t\t\t\t<div class=\"elementor-element elementor-element-d8221e4 elementor-widget elementor-widget-heading\" data-id=\"d8221e4\" data-element_type=\"widget\" data-e-type=\"widget\" data-widget_type=\"heading.default\">\n\t\t\t\t<div class=\"elementor-widget-container\">\n\t\t\t\t\t<h2 class=\"elementor-heading-title elementor-size-default\">Para informar de barreras, p\u00f3ngase en contacto con nosotros<\/h2>\t\t\t\t<\/div>\n\t\t\t\t<\/div>\n\t\t\t\t\t<\/div>\n\t\t<\/div>\n\t\t\t\t\t<\/div>\n\t\t<\/section>\n\t\t\t\t<section class=\"elementor-section elementor-top-section elementor-element elementor-element-4a6e816 elementor-section-boxed elementor-section-height-default elementor-section-height-default\" data-id=\"4a6e816\" data-element_type=\"section\" data-e-type=\"section\">\n\t\t\t\t\t\t<div class=\"elementor-container elementor-column-gap-default\">\n\t\t\t\t\t<div class=\"elementor-column elementor-col-100 elementor-top-column elementor-element elementor-element-b66fb4a\" data-id=\"b66fb4a\" data-element_type=\"column\" data-e-type=\"column\">\n\t\t\t<div class=\"elementor-widget-wrap elementor-element-populated\">\n\t\t\t\t\t\t<div class=\"elementor-element elementor-element-4b55f76 elementor-widget elementor-widget-text-editor\" data-id=\"4b55f76\" data-element_type=\"widget\" data-e-type=\"widget\" data-widget_type=\"text-editor.default\">\n\t\t\t\t<div class=\"elementor-widget-container\">\n\t\t\t\t\t\t\t\t\t<p class=\"translation-block\">\u00bfDesea informar sobre barreras existentes o solicitar informaci\u00f3n sobre la implantaci\u00f3n de la accesibilidad? Para sus comentarios, as\u00ed como para cualquier informaci\u00f3n adicional, dir\u00edjase a nuestros coordinadores de accesibilidad escribiendo a <a href=\"mailto:info@cib.de\" target=\"_self\">info@cib.de<\/a>  o <a href=\"https:\/\/www.cib.de\/es\/formulario-accesibilidad\/\" rel=\"noopener\">use este formulario<\/a>.<\/p>\t\t\t\t\t\t\t\t<\/div>\n\t\t\t\t<\/div>\n\t\t\t\t\t<\/div>\n\t\t<\/div>\n\t\t\t\t\t<\/div>\n\t\t<\/section>\n\t\t\t\t<section class=\"elementor-section elementor-top-section elementor-element elementor-element-ed35b84 elementor-section-full_width elementor-section-height-default elementor-section-height-default\" data-id=\"ed35b84\" data-element_type=\"section\" data-e-type=\"section\">\n\t\t\t\t\t\t<div class=\"elementor-container elementor-column-gap-no\">\n\t\t\t\t\t<div class=\"elementor-column elementor-col-100 elementor-top-column elementor-element elementor-element-3b3331b\" data-id=\"3b3331b\" data-element_type=\"column\" data-e-type=\"column\">\n\t\t\t<div class=\"elementor-widget-wrap elementor-element-populated\">\n\t\t\t\t\t\t<div class=\"elementor-element elementor-element-b93b28d elementor-widget elementor-widget-template\" data-id=\"b93b28d\" data-element_type=\"widget\" data-e-type=\"widget\" data-widget_type=\"template.default\">\n\t\t\t\t<div class=\"elementor-widget-container\">\n\t\t\t\t\t\t\t<div class=\"elementor-template\">\n\t\t\t\t\t<div data-elementor-type=\"section\" data-elementor-id=\"90279\" class=\"elementor elementor-90279\" data-elementor-post-type=\"elementor_library\">\n\t\t\t\t\t<section class=\"elementor-section elementor-top-section elementor-element elementor-element-c33139d elementor-section-full_width elementor-section-height-default elementor-section-height-default\" data-id=\"c33139d\" data-element_type=\"section\" data-e-type=\"section\" data-settings=\"{&quot;background_background&quot;:&quot;classic&quot;}\">\n\t\t\t\t\t\t\t<div class=\"elementor-background-overlay\"><\/div>\n\t\t\t\t\t\t\t<div class=\"elementor-container elementor-column-gap-no\">\n\t\t\t\t\t<div class=\"elementor-column elementor-col-100 elementor-top-column elementor-element elementor-element-2f5342e\" data-id=\"2f5342e\" data-element_type=\"column\" data-e-type=\"column\">\n\t\t\t<div class=\"elementor-widget-wrap elementor-element-populated\">\n\t\t\t\t\t\t<div class=\"elementor-element elementor-element-83a550d elementor-widget elementor-widget-heading\" data-id=\"83a550d\" data-element_type=\"widget\" data-e-type=\"widget\" data-widget_type=\"heading.default\">\n\t\t\t\t<div class=\"elementor-widget-container\">\n\t\t\t\t\t<h2 class=\"elementor-heading-title elementor-size-default\">Automatizaci\u00f3n accesible y asistida por la IA<\/h2>\t\t\t\t<\/div>\n\t\t\t\t<\/div>\n\t\t\t\t<div class=\"elementor-element elementor-element-e04dd29 elementor-align-center elementor-widget elementor-widget-button\" data-id=\"e04dd29\" data-element_type=\"widget\" data-e-type=\"widget\" data-widget_type=\"button.default\">\n\t\t\t\t<div class=\"elementor-widget-container\">\n\t\t\t\t\t\t\t\t\t<div class=\"elementor-button-wrapper\">\n\t\t\t\t\t<a class=\"elementor-button elementor-button-link elementor-size-sm\" href=\"\/es\/contacto\/\" id=\"expertise-services-de\">\n\t\t\t\t\t\t<span class=\"elementor-button-content-wrapper\">\n\t\t\t\t\t\t<span class=\"elementor-button-icon\">\n\t\t\t\t<svg aria-hidden=\"true\" class=\"e-font-icon-svg e-fas-arrow-right\" viewbox=\"0 0 448 512\" xmlns=\"http:\/\/www.w3.org\/2000\/svg\"><path d=\"M190.5 66.9l22.2-22.2c9.4-9.4 24.6-9.4 33.9 0L441 239c9.4 9.4 9.4 24.6 0 33.9L246.6 467.3c-9.4 9.4-24.6 9.4-33.9 0l-22.2-22.2c-9.5-9.5-9.3-25 .4-34.3L311.4 296H24c-13.3 0-24-10.7-24-24v-32c0-13.3 10.7-24 24-24h287.4L190.9 101.2c-9.8-9.3-10-24.8-.4-34.3z\"><\/path><\/svg>\t\t\t<\/span>\n\t\t\t\t\t\t\t\t\t<span class=\"elementor-button-text\">Cont\u00e1ctenos<\/span>\n\t\t\t\t\t<\/span>\n\t\t\t\t\t<\/a>\n\t\t\t\t<\/div>\n\t\t\t\t\t\t\t\t<\/div>\n\t\t\t\t<\/div>\n\t\t\t\t\t<\/div>\n\t\t<\/div>\n\t\t\t\t\t<\/div>\n\t\t<\/section>\n\t\t\t\t<\/div>\n\t\t\t\t<\/div>\n\t\t\t\t\t\t<\/div>\n\t\t\t\t<\/div>\n\t\t\t\t\t<\/div>\n\t\t<\/div>\n\t\t\t\t\t<\/div>\n\t\t<\/section>\n\t\t\t\t<\/div>","protected":false},"excerpt":{"rendered":"<p>Barrierefreiheit auf dieser Website Wir bem\u00fchen uns, Ihnen die Inhalte unserer Website so barrierefrei wie m\u00f6glich zur Verf\u00fcgung zu stellen. Diese freiwillige Erkl\u00e4rung zur Barrierefreiheit gilt f\u00fcr die unter der Adresse https:\/\/www.cib.de\/barrierefreie-digitalisierung\/ ver\u00f6ffentlichten Seite der Firma CIB. Als Experten f\u00fcr barrierefreie Digitalisierung sind wir bem\u00fcht, unsere Websites und mobilen Anwendungen speziell mit Bezug zur Barrierefreiheit &#8230; <a title=\"Accesibilidad en este sitio web\" class=\"read-more\" href=\"https:\/\/www.cib.de\/es\/barrierefreiheit\/\" aria-label=\"Leer m\u00e1s sobre Barrierefreiheit auf dieser Website\">Leer m\u00e1s<\/a><\/p>","protected":false},"author":246,"featured_media":0,"parent":0,"menu_order":0,"comment_status":"closed","ping_status":"closed","template":"","meta":{"_acf_changed":false,"footnotes":""},"categories":[2283],"class_list":{"0":"post-101789","1":"page","2":"type-page","3":"status-publish","5":"category-others-lp"},"acf":[],"yoast_head":"<!-- This site is optimized with the Yoast SEO plugin v27.5 - https:\/\/yoast.com\/product\/yoast-seo-wordpress\/ -->\n<title>Barrierefreiheit auf dieser Website - CIB Group<\/title>\n<meta name=\"robots\" content=\"index, follow, max-snippet:-1, max-image-preview:large, max-video-preview:-1\" \/>\n<link rel=\"canonical\" href=\"https:\/\/www.cib.de\/es\/accesibilidad\/\" \/>\n<meta property=\"og:locale\" content=\"es_ES\" \/>\n<meta property=\"og:type\" content=\"article\" \/>\n<meta property=\"og:title\" content=\"Barrierefreiheit auf dieser Website - CIB Group\" \/>\n<meta property=\"og:description\" content=\"Barrierefreiheit auf dieser Website Wir bem\u00fchen uns, Ihnen die Inhalte unserer Website so barrierefrei wie m\u00f6glich zur Verf\u00fcgung zu stellen. Diese freiwillige Erkl\u00e4rung zur Barrierefreiheit gilt f\u00fcr die unter der Adresse https:\/\/www.cib.de\/barrierefreie-digitalisierung\/ ver\u00f6ffentlichten Seite der Firma CIB. Als Experten f\u00fcr barrierefreie Digitalisierung sind wir bem\u00fcht, unsere Websites und mobilen Anwendungen speziell mit Bezug zur Barrierefreiheit ... Leer m\u00e1s\" \/>\n<meta property=\"og:url\" content=\"https:\/\/www.cib.de\/es\/accesibilidad\/\" \/>\n<meta property=\"og:site_name\" content=\"CIB Group\" \/>\n<meta property=\"article:publisher\" content=\"https:\/\/www.linkedin.com\/company\/cib\/\" \/>\n<meta property=\"article:modified_time\" content=\"2024-10-16T10:56:05+00:00\" \/>\n<meta name=\"twitter:card\" content=\"summary_large_image\" \/>\n<meta name=\"twitter:label1\" content=\"Tiempo de lectura\" \/>\n\t<meta name=\"twitter:data1\" content=\"1 minuto\" \/>\n<script type=\"application\/ld+json\" class=\"yoast-schema-graph\">{\"@context\":\"https:\\\/\\\/schema.org\",\"@graph\":[{\"@type\":\"WebPage\",\"@id\":\"https:\\\/\\\/www.cib.de\\\/barrierefreiheit\\\/\",\"url\":\"https:\\\/\\\/www.cib.de\\\/barrierefreiheit\\\/\",\"name\":\"Barrierefreiheit auf dieser Website - CIB Group\",\"isPartOf\":{\"@id\":\"https:\\\/\\\/www.cib.de\\\/#website\"},\"datePublished\":\"2023-10-23T11:41:00+00:00\",\"dateModified\":\"2024-10-16T10:56:05+00:00\",\"breadcrumb\":{\"@id\":\"https:\\\/\\\/www.cib.de\\\/barrierefreiheit\\\/#breadcrumb\"},\"inLanguage\":\"es\",\"potentialAction\":[{\"@type\":\"ReadAction\",\"target\":[\"https:\\\/\\\/www.cib.de\\\/barrierefreiheit\\\/\"]}]},{\"@type\":\"BreadcrumbList\",\"@id\":\"https:\\\/\\\/www.cib.de\\\/barrierefreiheit\\\/#breadcrumb\",\"itemListElement\":[{\"@type\":\"ListItem\",\"position\":1,\"name\":\"Home\",\"item\":\"https:\\\/\\\/www.cib.de\\\/\"},{\"@type\":\"ListItem\",\"position\":2,\"name\":\"Barrierefreiheit auf dieser Website\"}]},{\"@type\":\"WebSite\",\"@id\":\"https:\\\/\\\/www.cib.de\\\/#website\",\"url\":\"https:\\\/\\\/www.cib.de\\\/\",\"name\":\"CIB Group\",\"description\":\"Digitalisierung, Prozessautomatisierung, K\u00fcnstliche Intelligenz\",\"publisher\":{\"@id\":\"https:\\\/\\\/www.cib.de\\\/#organization\"},\"potentialAction\":[{\"@type\":\"SearchAction\",\"target\":{\"@type\":\"EntryPoint\",\"urlTemplate\":\"https:\\\/\\\/www.cib.de\\\/?s={search_term_string}\"},\"query-input\":{\"@type\":\"PropertyValueSpecification\",\"valueRequired\":true,\"valueName\":\"search_term_string\"}}],\"inLanguage\":\"es\"},{\"@type\":\"Organization\",\"@id\":\"https:\\\/\\\/www.cib.de\\\/#organization\",\"name\":\"CIB Group\",\"url\":\"https:\\\/\\\/www.cib.de\\\/\",\"logo\":{\"@type\":\"ImageObject\",\"inLanguage\":\"es\",\"@id\":\"https:\\\/\\\/www.cib.de\\\/#\\\/schema\\\/logo\\\/image\\\/\",\"url\":\"https:\\\/\\\/www.cib.de\\\/wp-content\\\/uploads\\\/2023\\\/10\\\/CIB_Logo_.svg\",\"contentUrl\":\"https:\\\/\\\/www.cib.de\\\/wp-content\\\/uploads\\\/2023\\\/10\\\/CIB_Logo_.svg\",\"width\":283,\"height\":128,\"caption\":\"CIB Group\"},\"image\":{\"@id\":\"https:\\\/\\\/www.cib.de\\\/#\\\/schema\\\/logo\\\/image\\\/\"},\"sameAs\":[\"https:\\\/\\\/www.linkedin.com\\\/company\\\/cib\\\/\"]}]}<\/script>\n<!-- \/ Yoast SEO plugin. -->","yoast_head_json":{"title":"Accesibilidad en este sitio web - CIB Group","robots":{"index":"index","follow":"follow","max-snippet":"max-snippet:-1","max-image-preview":"max-image-preview:large","max-video-preview":"max-video-preview:-1"},"canonical":"https:\/\/www.cib.de\/es\/accesibilidad\/","og_locale":"es_ES","og_type":"article","og_title":"Barrierefreiheit auf dieser Website - CIB Group","og_description":"Barrierefreiheit auf dieser Website Wir bem\u00fchen uns, Ihnen die Inhalte unserer Website so barrierefrei wie m\u00f6glich zur Verf\u00fcgung zu stellen. Diese freiwillige Erkl\u00e4rung zur Barrierefreiheit gilt f\u00fcr die unter der Adresse https:\/\/www.cib.de\/barrierefreie-digitalisierung\/ ver\u00f6ffentlichten Seite der Firma CIB. Als Experten f\u00fcr barrierefreie Digitalisierung sind wir bem\u00fcht, unsere Websites und mobilen Anwendungen speziell mit Bezug zur Barrierefreiheit ... Leer m\u00e1s","og_url":"https:\/\/www.cib.de\/es\/accesibilidad\/","og_site_name":"CIB Group","article_publisher":"https:\/\/www.linkedin.com\/company\/cib\/","article_modified_time":"2024-10-16T10:56:05+00:00","twitter_card":"summary_large_image","twitter_misc":{"Tiempo de lectura":"1 minuto"},"schema":{"@context":"https:\/\/schema.org","@graph":[{"@type":"WebPage","@id":"https:\/\/www.cib.de\/barrierefreiheit\/","url":"https:\/\/www.cib.de\/barrierefreiheit\/","name":"Accesibilidad en este sitio web - CIB Group","isPartOf":{"@id":"https:\/\/www.cib.de\/#website"},"datePublished":"2023-10-23T11:41:00+00:00","dateModified":"2024-10-16T10:56:05+00:00","breadcrumb":{"@id":"https:\/\/www.cib.de\/barrierefreiheit\/#breadcrumb"},"inLanguage":"es","potentialAction":[{"@type":"ReadAction","target":["https:\/\/www.cib.de\/barrierefreiheit\/"]}]},{"@type":"BreadcrumbList","@id":"https:\/\/www.cib.de\/barrierefreiheit\/#breadcrumb","itemListElement":[{"@type":"ListItem","position":1,"name":"Home","item":"https:\/\/www.cib.de\/"},{"@type":"ListItem","position":2,"name":"Barrierefreiheit auf dieser Website"}]},{"@type":"WebSite","@id":"https:\/\/www.cib.de\/#website","url":"https:\/\/www.cib.de\/","name":"CIB Group","description":"Digitalisierung, Prozessautomatisierung, K\u00fcnstliche Intelligenz","publisher":{"@id":"https:\/\/www.cib.de\/#organization"},"potentialAction":[{"@type":"SearchAction","target":{"@type":"EntryPoint","urlTemplate":"https:\/\/www.cib.de\/?s={search_term_string}"},"query-input":{"@type":"PropertyValueSpecification","valueRequired":true,"valueName":"search_term_string"}}],"inLanguage":"es"},{"@type":"Organization","@id":"https:\/\/www.cib.de\/#organization","name":"CIB Group","url":"https:\/\/www.cib.de\/","logo":{"@type":"ImageObject","inLanguage":"es","@id":"https:\/\/www.cib.de\/#\/schema\/logo\/image\/","url":"https:\/\/www.cib.de\/wp-content\/uploads\/2023\/10\/CIB_Logo_.svg","contentUrl":"https:\/\/www.cib.de\/wp-content\/uploads\/2023\/10\/CIB_Logo_.svg","width":283,"height":128,"caption":"CIB Group"},"image":{"@id":"https:\/\/www.cib.de\/#\/schema\/logo\/image\/"},"sameAs":["https:\/\/www.linkedin.com\/company\/cib\/"]}]}},"post_mailing_queue_ids":[],"_links":{"self":[{"href":"https:\/\/www.cib.de\/es\/wp-json\/wp\/v2\/pages\/101789","targetHints":{"allow":["GET"]}}],"collection":[{"href":"https:\/\/www.cib.de\/es\/wp-json\/wp\/v2\/pages"}],"about":[{"href":"https:\/\/www.cib.de\/es\/wp-json\/wp\/v2\/types\/page"}],"author":[{"embeddable":true,"href":"https:\/\/www.cib.de\/es\/wp-json\/wp\/v2\/users\/246"}],"replies":[{"embeddable":true,"href":"https:\/\/www.cib.de\/es\/wp-json\/wp\/v2\/comments?post=101789"}],"version-history":[{"count":55,"href":"https:\/\/www.cib.de\/es\/wp-json\/wp\/v2\/pages\/101789\/revisions"}],"predecessor-version":[{"id":121107,"href":"https:\/\/www.cib.de\/es\/wp-json\/wp\/v2\/pages\/101789\/revisions\/121107"}],"wp:attachment":[{"href":"https:\/\/www.cib.de\/es\/wp-json\/wp\/v2\/media?parent=101789"}],"wp:term":[{"taxonomy":"category","embeddable":true,"href":"https:\/\/www.cib.de\/es\/wp-json\/wp\/v2\/categories?post=101789"}],"curies":[{"name":"wp","href":"https:\/\/api.w.org\/{rel}","templated":true}]}}