{"id":123030,"date":"2025-01-13T09:02:12","date_gmt":"2025-01-13T08:02:12","guid":{"rendered":"https:\/\/www.cib.de\/?page_id=123030"},"modified":"2025-07-23T14:08:13","modified_gmt":"2025-07-23T12:08:13","slug":"politica-privacidad-cib-crowdsource","status":"publish","type":"page","link":"https:\/\/www.cib.de\/es\/datenschutzerklaerung-cib-crowdsource\/","title":{"rendered":"Pol\u00edtica de privacidad CIB crowdsource\u00a0\u00a0"},"content":{"rendered":"<div data-elementor-type=\"wp-page\" data-elementor-id=\"123030\" class=\"elementor elementor-123030\" data-elementor-post-type=\"page\">\n\t\t\t\t\t\t<section class=\"elementor-section elementor-top-section elementor-element elementor-element-6bfb4ab elementor-section-boxed elementor-section-height-default elementor-section-height-default\" data-id=\"6bfb4ab\" data-element_type=\"section\" data-e-type=\"section\" data-settings=\"{&quot;background_background&quot;:&quot;gradient&quot;}\">\n\t\t\t\t\t\t\t<div class=\"elementor-background-overlay\"><\/div>\n\t\t\t\t\t\t\t<div class=\"elementor-container elementor-column-gap-default\">\n\t\t\t\t\t<div class=\"elementor-column elementor-col-100 elementor-top-column elementor-element elementor-element-f0872f1\" data-id=\"f0872f1\" data-element_type=\"column\" data-e-type=\"column\" data-settings=\"{&quot;background_background&quot;:&quot;classic&quot;}\">\n\t\t\t<div class=\"elementor-widget-wrap elementor-element-populated\">\n\t\t\t\t\t\t<div class=\"elementor-element elementor-element-4d2803a elementor-widget elementor-widget-heading\" data-id=\"4d2803a\" data-element_type=\"widget\" data-e-type=\"widget\" data-widget_type=\"heading.default\">\n\t\t\t\t<div class=\"elementor-widget-container\">\n\t\t\t\t\t<h1 class=\"elementor-heading-title elementor-size-default\">Pol\u00edtica de privacidad CIB crowdsource  <\/h1>\t\t\t\t<\/div>\n\t\t\t\t<\/div>\n\t\t\t\t\t<\/div>\n\t\t<\/div>\n\t\t\t\t\t<\/div>\n\t\t<\/section>\n\t\t\t\t<section class=\"elementor-section elementor-top-section elementor-element elementor-element-4560269 elementor-section-boxed elementor-section-height-default elementor-section-height-default\" data-id=\"4560269\" data-element_type=\"section\" data-e-type=\"section\">\n\t\t\t\t\t\t<div class=\"elementor-container elementor-column-gap-default\">\n\t\t\t\t\t<div class=\"elementor-column elementor-col-100 elementor-top-column elementor-element elementor-element-27e6604\" data-id=\"27e6604\" data-element_type=\"column\" data-e-type=\"column\">\n\t\t\t<div class=\"elementor-widget-wrap elementor-element-populated\">\n\t\t\t\t\t\t<div class=\"elementor-element elementor-element-a37d3b8 elementor-widget elementor-widget-text-editor\" data-id=\"a37d3b8\" data-element_type=\"widget\" data-e-type=\"widget\" data-widget_type=\"text-editor.default\">\n\t\t\t\t<div class=\"elementor-widget-container\">\n\t\t\t\t\t\t\t\t\t<p>Estado 03.12.2024 - En CIB, consideramos que es nuestra responsabilidad proteger sus datos y su privacidad. Como empresa alemana con sede en M\u00fanich, siempre hemos estado sujetos a una de las leyes de protecci\u00f3n de datos m\u00e1s estrictas del mundo.<br \/>Utilizamos os mais elevados padr\u00f5es de seguran\u00e7a para o processamento e armazenamento de dados. A CIB recolhe e utiliza os seus dados pessoais exclusivamente no \u00e2mbito das disposi\u00e7\u00f5es legais, tais como o Regulamento Geral sobre a Prote\u00e7\u00e3o de Dados (\u00abRGPD\u00bb) e a Lei Federal Alem\u00e3 sobre a Prote\u00e7\u00e3o de Dados (\u00abBDSG\u00bb). Com esta pol\u00edtica de privacidade, pretendemos inform\u00e1-lo sobre a natureza, o \u00e2mbito e os objetivos da recolha, utiliza\u00e7\u00e3o e processamento dos seus dados pessoais pela CIB quando utiliza a plataforma de crowdsourcing da CIB. A nossa plataforma de crowdsourcing oferece v\u00e1rias oportunidades para realizar tarefas destinadas a melhorar a IA. Os dados pessoais incluem todos os dados que podem ser utilizados para identific\u00e1-lo pessoalmente.<\/p>\t\t\t\t\t\t\t\t<\/div>\n\t\t\t\t<\/div>\n\t\t\t\t<div class=\"elementor-element elementor-element-c369552 elementor-widget elementor-widget-text-editor\" data-id=\"c369552\" data-element_type=\"widget\" data-e-type=\"widget\" data-widget_type=\"text-editor.default\">\n\t\t\t\t<div class=\"elementor-widget-container\">\n\t\t\t\t\t\t\t\t\t<p><strong>1. Nota sobre el organismo responsable\u00a0<\/strong><\/p><p>El responsable del tratamiento de datos de este sitio web es:<\/p><p>CIB software GmbH<br \/>Elektrastra\u00dfe 6a<br \/>D-81925 M\u00fanich<\/p><p>Tel\u00e9fono: +49 89 143 60 \u2013 0<br \/>Email: info@cib.de<\/p><p>El responsable es la persona f\u00edsica o jur\u00eddica que, sola o juntamente con otras, decide los fines y medios del tratamiento de los datos personales (nombres, direcciones de correo electr\u00f3nico, etc.).<\/p>\t\t\t\t\t\t\t\t<\/div>\n\t\t\t\t<\/div>\n\t\t\t\t<div class=\"elementor-element elementor-element-d4bf50e elementor-widget elementor-widget-text-editor\" data-id=\"d4bf50e\" data-element_type=\"widget\" data-e-type=\"widget\" data-widget_type=\"text-editor.default\">\n\t\t\t\t<div class=\"elementor-widget-container\">\n\t\t\t\t\t\t\t\t\t<p><strong>2. Sus derechos<\/strong><\/p><p>Tiene los siguientes derechos frente a nosotros en relaci\u00f3n con el tratamiento de los datos personales que le conciernen:<\/p><ul><li>Derecho a la informaci\u00f3n (Art. 15 RGPD),<\/li><li>Derecho de rectificaci\u00f3n o supresi\u00f3n (Art. 16 y 17 RGPD)<\/li><li>Derecho a la limitaci\u00f3n del tratamiento (Art. 18 RGPD),<\/li><li>Derecho a oponerse al tratamiento (art. 21 del RGPD),<\/li><li>Derecho a la portabilidad de los datos (Art. 20 RGPD),<\/li><li>Derecho a revocar el consentimiento otorgado (Art. 7. p.3 del RGPD).<\/li><\/ul><p>Tambi\u00e9n tiene derecho a presentar una reclamaci\u00f3n ante una autoridad de control de protecci\u00f3n de datos sobre el tratamiento de sus datos personales por nuestra parte.<\/p>\t\t\t\t\t\t\t\t<\/div>\n\t\t\t\t<\/div>\n\t\t\t\t<div class=\"elementor-element elementor-element-b49316f elementor-widget elementor-widget-text-editor\" data-id=\"b49316f\" data-element_type=\"widget\" data-e-type=\"widget\" data-widget_type=\"text-editor.default\">\n\t\t\t\t<div class=\"elementor-widget-container\">\n\t\t\t\t\t\t\t\t\t<p><strong>3. Supervisor de protecci\u00f3n de datos<\/strong><\/p><p><p><\/p><\/p><p>Delegado de protecci\u00f3n de datos legalmente requerido<\/p><p>Christian Hammerbacher<\/p><p>SPH IT+Consulting\u202fGmbH &amp; Co.\u202fKG<br \/>Bartholom\u00e4usstr. 26 (Haus D)<br \/>90489 N\u00fcrnberg<br \/>datenschutz@sph-consulting.de\u202f<\/p>\t\t\t\t\t\t\t\t<\/div>\n\t\t\t\t<\/div>\n\t\t\t\t<div class=\"elementor-element elementor-element-04def22 elementor-widget__width-initial elementor-widget elementor-widget-text-editor\" data-id=\"04def22\" data-element_type=\"widget\" data-e-type=\"widget\" data-widget_type=\"text-editor.default\">\n\t\t\t\t<div class=\"elementor-widget-container\">\n\t\t\t\t\t\t\t\t\t<p><strong>4. Procesameinto de datos<\/strong><\/p><p><strong>a. Besuch von CIB crowdsource<\/strong><\/p><p>Cuando visita nuestro sitio web, solo recopilamos los datos personales que su navegador transmite a nuestro servidor. Si desea ver nuestro sitio web, recopilamos los siguientes datos, que son t\u00e9cnicamente necesarios para poder mostrarle nuestro sitio web y garantizar la estabilidad y la seguridad (la base jur\u00eddica es el art. 6, P 1, F 1, lit. f) del RGPD):<\/p><ul><li>Tipo de navegador y versi\u00f3n<\/li><li>Sistema operativo utilizado<\/li><li>URL de referencia<\/li><li>Nombre del host del ordenador que accede<\/li><li>Hora de la solicitud al servidor<\/li><li>Direcci\u00f3n IP<\/li><\/ul><p>Esta informaci\u00f3n es absolutamente necesaria para la transmisi\u00f3n t\u00e9cnica de los sitios web y el funcionamiento seguro del servidor. No existe una evaluaci\u00f3n personalizada de estos datos.<\/p><p>Adem\u00e1s de los datos anteriores, las cookies se almacenan en su ordenador cuando utiliza nuestro sitio web.<\/p><p><strong>\u00bfQu\u00e9 son las cookies?<\/strong><\/p><p>Las cookies son peque\u00f1os archivos que el navegador web coloca en el dispositivo del usuario para almacenar cierta informaci\u00f3n. La pr\u00f3xima vez que visite nuestro sitio web, el navegador nos devolver\u00e1 el contenido de la cookie, que recrear\u00e1 autom\u00e1ticamente, por ejemplo, los ajustes o las entradas que haya realizado anteriormente.<\/p><p><strong>Categor\u00edas de cookies utilizadas:<\/strong><\/p><p><strong>Cookies esenciales<\/strong><\/p><p>Estas cookies son absolutamente necesarias para el buen funcionamiento del sitio web. Esta categor\u00eda s\u00f3lo contiene cookies que garantizan las funciones b\u00e1sicas y las caracter\u00edsticas de seguridad del sitio web. En base al art. 6 p. 1 F 1 lit. f del RGPD, estas cookies se almacenan. El operador del sitio web tiene un inter\u00e9s leg\u00edtimo en almacenar cookies para la prestaci\u00f3n de sus servicios de forma t\u00e9cnicamente libre de errores y optimizada.<\/p><table style=\"border-collapse: collapse; width: 100%;\"><tbody><tr><td style=\"width: 33.3333%;\"><strong>Denominaci\u00f3n <\/strong><\/td><td style=\"width: 33.3333%;\"><strong>Finalidad <\/strong><\/td><td style=\"width: 33.3333%;\"><strong>Duraci\u00f3n <\/strong><\/td><\/tr><tr><td style=\"width: 33.3333%;\">Google Tag Manager (_ga, _gid, __utm*)<\/td><td style=\"width: 33.3333%;\">\u2013 Verwaltung von Website-Tags<br \/>\u2013 Keine Daten gesammelt<\/td><td style=\"width: 33.3333%;\">Sesi\u00f3n<\/td><\/tr><\/tbody><\/table><p><strong>Cookies no esenciales<\/strong><\/p><p>Las cookies que no son necesarias para el funcionamiento del sitio web y que se utilizan espec\u00edficamente para recopilar datos personales del usuario a trav\u00e9s de la anal\u00edtica, la publicidad y otros contenidos incrustados no son necesarias para el funcionamiento sin errores del sitio web. Sin embargo, nos ayudan a mejorar continuamente nuestro servicio y a ofrecerle una experiencia de usuario \u00f3ptima. S\u00f3lo utilizamos estas cookies si usted ha consentido expresamente su uso.<\/p><p>La base jur\u00eddica para el uso de estas cookies es el art\u00edculo 6, apartado 1, letra a) del RGPD.<\/p><table style=\"border-collapse: collapse; width: 100%;\"><tbody><tr><td style=\"width: 33.3333%;\"><strong>Denominaci\u00f3n <\/strong><\/td><td style=\"width: 33.3333%;\"><strong>Finalidad <\/strong><\/td><td style=\"width: 33.3333%;\"><strong>Duraci\u00f3n <\/strong><\/td><\/tr><tr><td style=\"width: 33.3333%;\">Google Analytics (_ga, _gid, __utm*)<\/td><td style=\"width: 33.3333%;\">Direcci\u00f3n IP (anonimizada)<br \/>Informaci\u00f3n del navegador (tipo de navegador, p\u00e1ginas de referencia\/salida, los archivos que se muestran en nuestro sitio web, sistema operativo, sello de fecha\/hora y\/o datos de secuencia de clics)<br \/>Datos de uso (vistas, clics)<\/td><td style=\"width: 33.3333%;\">2 a\u00f1os<\/td><\/tr><\/tbody><\/table><p><strong>b. Cuenta de usuario<\/strong><\/p><p>Si desea utilizar CIB crowdsource, debe registrarse a trav\u00e9s de CIB doXisafe utilizando una direcci\u00f3n de correo electr\u00f3nico, un nombre de usuario de libre elecci\u00f3n y una contrase\u00f1a de su elecci\u00f3n. No es necesario utilizar su nombre real; es posible utilizar un seud\u00f3nimo. Cuando crea una cuenta en CIB crowdsource, procesamos los siguientes datos, que son t\u00e9cnicamente necesarios para proporcionarle acceso a la plataforma. La base jur\u00eddica es el art\u00edculo 6, apartado 1, frase 1, letra b) del RGPD:<\/p><ul><li>Nombre de usuario (si eliges tu nombre real como nombre de usuario)<\/li><li>Direcci\u00f3n de correo electr\u00f3nico<\/li><\/ul><p>Tus datos ser\u00e1n tratados de forma confidencial por nosotros y se eliminar\u00e1n si revocas los derechos de uso de la plataforma o si los datos ya no son necesarios para prestar los servicios y no existen obligaciones legales de conservaci\u00f3n. Puedes eliminar tu cuenta de CIB crowdsource. Para eliminar tu cuenta, ponte en contacto con cibsupport@cib.de.<\/p><p><strong>c. Tarea: manuscritos<\/strong><\/p><p>Uma tarefa serve para aprender caligrafia atrav\u00e9s da IA (CIB deepER). Para isso, o crowdsourcer deve escrever v\u00e1rios termos \u00e0 m\u00e3o digitalmente. Antes de enviar a caligrafia, deve concordar expressamente com o processamento da sua amostra de caligrafia. A base jur\u00eddica para o processamento \u00e9 o Art. 9, par\u00e1grafo 2 a do RGPD.<\/p><p>Los datos se tratan de forma confidencial y no se divulgan a terceros ajenos al CIB Group. Dentro del CIB Group, el acceso a las muestras de escritura manuscrita est\u00e1 restringido a un grupo limitado de personas especialmente formadas. Los datos solo se eliminar\u00e1n a petici\u00f3n del usuario, siempre que sea t\u00e9cnicamente posible.<\/p>\t\t\t\t\t\t\t\t<\/div>\n\t\t\t\t<\/div>\n\t\t\t\t\t<\/div>\n\t\t<\/div>\n\t\t\t\t\t<\/div>\n\t\t<\/section>\n\t\t\t\t<section class=\"elementor-section elementor-top-section elementor-element elementor-element-6802093 elementor-section-boxed elementor-section-height-default elementor-section-height-default\" data-id=\"6802093\" data-element_type=\"section\" data-e-type=\"section\" data-settings=\"{&quot;background_background&quot;:&quot;classic&quot;}\">\n\t\t\t\t\t\t\t<div class=\"elementor-background-overlay\"><\/div>\n\t\t\t\t\t\t\t<div class=\"elementor-container elementor-column-gap-default\">\n\t\t\t\t\t<div class=\"elementor-column elementor-col-100 elementor-top-column elementor-element elementor-element-de76a92\" data-id=\"de76a92\" data-element_type=\"column\" data-e-type=\"column\">\n\t\t\t<div class=\"elementor-widget-wrap elementor-element-populated\">\n\t\t\t\t\t\t<div class=\"elementor-element elementor-element-678101a elementor-widget elementor-widget-heading\" data-id=\"678101a\" data-element_type=\"widget\" data-e-type=\"widget\" data-widget_type=\"heading.default\">\n\t\t\t\t<div class=\"elementor-widget-container\">\n\t\t\t\t\t<h2 class=\"elementor-heading-title elementor-size-default\">CIB crowdsource - \u00a1entrena una IA por una buena causa!<\/h2>\t\t\t\t<\/div>\n\t\t\t\t<\/div>\n\t\t\t\t<section class=\"elementor-section elementor-inner-section elementor-element elementor-element-2f34272 elementor-section-full_width elementor-section-height-default elementor-section-height-default\" data-id=\"2f34272\" data-element_type=\"section\" data-e-type=\"section\">\n\t\t\t\t\t\t<div class=\"elementor-container elementor-column-gap-no\">\n\t\t\t\t\t<div class=\"elementor-column elementor-col-100 elementor-inner-column elementor-element elementor-element-4f5e180\" data-id=\"4f5e180\" data-element_type=\"column\" data-e-type=\"column\">\n\t\t\t<div class=\"elementor-widget-wrap elementor-element-populated\">\n\t\t\t\t\t\t<div class=\"elementor-element elementor-element-39d284b elementor-align-center elementor-mobile-align-center elementor-widget elementor-widget-button\" data-id=\"39d284b\" data-element_type=\"widget\" data-e-type=\"widget\" data-widget_type=\"button.default\">\n\t\t\t\t<div class=\"elementor-widget-container\">\n\t\t\t\t\t\t\t\t\t<div class=\"elementor-button-wrapper\">\n\t\t\t\t\t<a class=\"elementor-button elementor-button-link elementor-size-sm\" href=\"https:\/\/cibcrowdsource.com\/\" target=\"_blank\" id=\"doxiview-showcase-bottom\">\n\t\t\t\t\t\t<span class=\"elementor-button-content-wrapper\">\n\t\t\t\t\t\t<span class=\"elementor-button-icon\">\n\t\t\t\t<svg aria-hidden=\"true\" class=\"e-font-icon-svg e-fas-arrow-right\" viewbox=\"0 0 448 512\" xmlns=\"http:\/\/www.w3.org\/2000\/svg\"><path d=\"M190.5 66.9l22.2-22.2c9.4-9.4 24.6-9.4 33.9 0L441 239c9.4 9.4 9.4 24.6 0 33.9L246.6 467.3c-9.4 9.4-24.6 9.4-33.9 0l-22.2-22.2c-9.5-9.5-9.3-25 .4-34.3L311.4 296H24c-13.3 0-24-10.7-24-24v-32c0-13.3 10.7-24 24-24h287.4L190.9 101.2c-9.8-9.3-10-24.8-.4-34.3z\"><\/path><\/svg>\t\t\t<\/span>\n\t\t\t\t\t\t\t\t\t<span class=\"elementor-button-text\">Ir a  CIB crowdsource<\/span>\n\t\t\t\t\t<\/span>\n\t\t\t\t\t<\/a>\n\t\t\t\t<\/div>\n\t\t\t\t\t\t\t\t<\/div>\n\t\t\t\t<\/div>\n\t\t\t\t\t<\/div>\n\t\t<\/div>\n\t\t\t\t\t<\/div>\n\t\t<\/section>\n\t\t\t\t\t<\/div>\n\t\t<\/div>\n\t\t\t\t\t<\/div>\n\t\t<\/section>\n\t\t\t\t<\/div>","protected":false},"excerpt":{"rendered":"<p>Datenschutzerkl\u00e4rung CIB crowdsource Stand 03.12.2024 \u2013 Bei CIB sehen wir es als unsere Verantwortung an, Ihre Daten und Privatsph\u00e4re zu sch\u00fctzen. Als deutsches Unternehmen mit Sitz in M\u00fcnchen unterliegen wir schon immer einem der strengsten Datenschutzgesetze der Welt.F\u00fcr die Verarbeitung und Speicherung der Daten nutzen wir die h\u00f6chsten Sicherheitsstandards. CIB erhebt und verwendet Ihre personenbezogenen &#8230; <a title=\"Pol\u00edtica de privacidad CIB crowdsource\u00a0\u00a0\" class=\"read-more\" href=\"https:\/\/www.cib.de\/es\/datenschutzerklaerung-cib-crowdsource\/\" aria-label=\"Leer m\u00e1s sobre Datenschutzerkl\u00e4rung CIB crowdsource\u00a0\u00a0\">Leer m\u00e1s<\/a><\/p>","protected":false},"author":246,"featured_media":0,"parent":0,"menu_order":0,"comment_status":"closed","ping_status":"closed","template":"","meta":{"_acf_changed":false,"footnotes":""},"categories":[2041],"class_list":{"0":"post-123030","1":"page","2":"type-page","3":"status-publish","5":"category-legal-p"},"acf":[],"yoast_head":"<!-- This site is optimized with the Yoast SEO plugin v27.4 - https:\/\/yoast.com\/product\/yoast-seo-wordpress\/ -->\n<title>Datenschutzerkl\u00e4rung CIB crowdsource\u00a0\u00a0<\/title>\n<meta name=\"robots\" content=\"index, follow, max-snippet:-1, max-image-preview:large, max-video-preview:-1\" \/>\n<link rel=\"canonical\" href=\"https:\/\/www.cib.de\/es\/politica-privacidad-cib-crowdsource\/\" \/>\n<meta property=\"og:locale\" content=\"es_ES\" \/>\n<meta property=\"og:type\" content=\"article\" \/>\n<meta property=\"og:title\" content=\"Datenschutzerkl\u00e4rung CIB crowdsource\u00a0\u00a0\" \/>\n<meta property=\"og:description\" content=\"Datenschutzerkl\u00e4rung CIB crowdsource Stand 03.12.2024 \u2013 Bei CIB sehen wir es als unsere Verantwortung an, Ihre Daten und Privatsph\u00e4re zu sch\u00fctzen. Als deutsches Unternehmen mit Sitz in M\u00fcnchen unterliegen wir schon immer einem der strengsten Datenschutzgesetze der Welt.F\u00fcr die Verarbeitung und Speicherung der Daten nutzen wir die h\u00f6chsten Sicherheitsstandards. CIB erhebt und verwendet Ihre personenbezogenen ... Leer m\u00e1s\" \/>\n<meta property=\"og:url\" content=\"https:\/\/www.cib.de\/es\/politica-privacidad-cib-crowdsource\/\" \/>\n<meta property=\"og:site_name\" content=\"CIB Group\" \/>\n<meta property=\"article:publisher\" content=\"https:\/\/www.linkedin.com\/company\/cib\/\" \/>\n<meta property=\"article:modified_time\" content=\"2025-07-23T12:08:13+00:00\" \/>\n<meta name=\"twitter:card\" content=\"summary_large_image\" \/>\n<meta name=\"twitter:label1\" content=\"Tiempo de lectura\" \/>\n\t<meta name=\"twitter:data1\" content=\"4 minutos\" \/>\n<script type=\"application\/ld+json\" class=\"yoast-schema-graph\">{\"@context\":\"https:\\\/\\\/schema.org\",\"@graph\":[{\"@type\":\"WebPage\",\"@id\":\"https:\\\/\\\/www.cib.de\\\/datenschutzerklaerung-cib-crowdsource\\\/\",\"url\":\"https:\\\/\\\/www.cib.de\\\/datenschutzerklaerung-cib-crowdsource\\\/\",\"name\":\"Datenschutzerkl\u00e4rung CIB crowdsource\u00a0\u00a0\",\"isPartOf\":{\"@id\":\"https:\\\/\\\/www.cib.de\\\/#website\"},\"datePublished\":\"2025-01-13T08:02:12+00:00\",\"dateModified\":\"2025-07-23T12:08:13+00:00\",\"breadcrumb\":{\"@id\":\"https:\\\/\\\/www.cib.de\\\/datenschutzerklaerung-cib-crowdsource\\\/#breadcrumb\"},\"inLanguage\":\"es\",\"potentialAction\":[{\"@type\":\"ReadAction\",\"target\":[\"https:\\\/\\\/www.cib.de\\\/datenschutzerklaerung-cib-crowdsource\\\/\"]}]},{\"@type\":\"BreadcrumbList\",\"@id\":\"https:\\\/\\\/www.cib.de\\\/datenschutzerklaerung-cib-crowdsource\\\/#breadcrumb\",\"itemListElement\":[{\"@type\":\"ListItem\",\"position\":1,\"name\":\"Home\",\"item\":\"https:\\\/\\\/www.cib.de\\\/\"},{\"@type\":\"ListItem\",\"position\":2,\"name\":\"Datenschutzerkl\u00e4rung CIB crowdsource\u00a0\u00a0\"}]},{\"@type\":\"WebSite\",\"@id\":\"https:\\\/\\\/www.cib.de\\\/#website\",\"url\":\"https:\\\/\\\/www.cib.de\\\/\",\"name\":\"CIB Group\",\"description\":\"Digitalisierung, Prozessautomatisierung, K\u00fcnstliche Intelligenz\",\"publisher\":{\"@id\":\"https:\\\/\\\/www.cib.de\\\/#organization\"},\"potentialAction\":[{\"@type\":\"SearchAction\",\"target\":{\"@type\":\"EntryPoint\",\"urlTemplate\":\"https:\\\/\\\/www.cib.de\\\/?s={search_term_string}\"},\"query-input\":{\"@type\":\"PropertyValueSpecification\",\"valueRequired\":true,\"valueName\":\"search_term_string\"}}],\"inLanguage\":\"es\"},{\"@type\":\"Organization\",\"@id\":\"https:\\\/\\\/www.cib.de\\\/#organization\",\"name\":\"CIB Group\",\"url\":\"https:\\\/\\\/www.cib.de\\\/\",\"logo\":{\"@type\":\"ImageObject\",\"inLanguage\":\"es\",\"@id\":\"https:\\\/\\\/www.cib.de\\\/#\\\/schema\\\/logo\\\/image\\\/\",\"url\":\"https:\\\/\\\/www.cib.de\\\/wp-content\\\/uploads\\\/2023\\\/10\\\/CIB_Logo_.svg\",\"contentUrl\":\"https:\\\/\\\/www.cib.de\\\/wp-content\\\/uploads\\\/2023\\\/10\\\/CIB_Logo_.svg\",\"width\":283,\"height\":128,\"caption\":\"CIB Group\"},\"image\":{\"@id\":\"https:\\\/\\\/www.cib.de\\\/#\\\/schema\\\/logo\\\/image\\\/\"},\"sameAs\":[\"https:\\\/\\\/www.linkedin.com\\\/company\\\/cib\\\/\"]}]}<\/script>\n<!-- \/ Yoast SEO plugin. -->","yoast_head_json":{"title":"Pol\u00edtica de privacidad CIB crowdsource\u00a0\u00a0","robots":{"index":"index","follow":"follow","max-snippet":"max-snippet:-1","max-image-preview":"max-image-preview:large","max-video-preview":"max-video-preview:-1"},"canonical":"https:\/\/www.cib.de\/es\/politica-privacidad-cib-crowdsource\/","og_locale":"es_ES","og_type":"article","og_title":"Datenschutzerkl\u00e4rung CIB crowdsource\u00a0\u00a0","og_description":"Datenschutzerkl\u00e4rung CIB crowdsource Stand 03.12.2024 \u2013 Bei CIB sehen wir es als unsere Verantwortung an, Ihre Daten und Privatsph\u00e4re zu sch\u00fctzen. Als deutsches Unternehmen mit Sitz in M\u00fcnchen unterliegen wir schon immer einem der strengsten Datenschutzgesetze der Welt.F\u00fcr die Verarbeitung und Speicherung der Daten nutzen wir die h\u00f6chsten Sicherheitsstandards. CIB erhebt und verwendet Ihre personenbezogenen ... Leer m\u00e1s","og_url":"https:\/\/www.cib.de\/es\/politica-privacidad-cib-crowdsource\/","og_site_name":"CIB Group","article_publisher":"https:\/\/www.linkedin.com\/company\/cib\/","article_modified_time":"2025-07-23T12:08:13+00:00","twitter_card":"summary_large_image","twitter_misc":{"Tiempo de lectura":"4 minutos"},"schema":{"@context":"https:\/\/schema.org","@graph":[{"@type":"WebPage","@id":"https:\/\/www.cib.de\/datenschutzerklaerung-cib-crowdsource\/","url":"https:\/\/www.cib.de\/datenschutzerklaerung-cib-crowdsource\/","name":"Pol\u00edtica de privacidad CIB crowdsource\u00a0\u00a0","isPartOf":{"@id":"https:\/\/www.cib.de\/#website"},"datePublished":"2025-01-13T08:02:12+00:00","dateModified":"2025-07-23T12:08:13+00:00","breadcrumb":{"@id":"https:\/\/www.cib.de\/datenschutzerklaerung-cib-crowdsource\/#breadcrumb"},"inLanguage":"es","potentialAction":[{"@type":"ReadAction","target":["https:\/\/www.cib.de\/datenschutzerklaerung-cib-crowdsource\/"]}]},{"@type":"BreadcrumbList","@id":"https:\/\/www.cib.de\/datenschutzerklaerung-cib-crowdsource\/#breadcrumb","itemListElement":[{"@type":"ListItem","position":1,"name":"Home","item":"https:\/\/www.cib.de\/"},{"@type":"ListItem","position":2,"name":"Datenschutzerkl\u00e4rung CIB crowdsource\u00a0\u00a0"}]},{"@type":"WebSite","@id":"https:\/\/www.cib.de\/#website","url":"https:\/\/www.cib.de\/","name":"CIB Group","description":"Digitalisierung, Prozessautomatisierung, K\u00fcnstliche Intelligenz","publisher":{"@id":"https:\/\/www.cib.de\/#organization"},"potentialAction":[{"@type":"SearchAction","target":{"@type":"EntryPoint","urlTemplate":"https:\/\/www.cib.de\/?s={search_term_string}"},"query-input":{"@type":"PropertyValueSpecification","valueRequired":true,"valueName":"search_term_string"}}],"inLanguage":"es"},{"@type":"Organization","@id":"https:\/\/www.cib.de\/#organization","name":"CIB Group","url":"https:\/\/www.cib.de\/","logo":{"@type":"ImageObject","inLanguage":"es","@id":"https:\/\/www.cib.de\/#\/schema\/logo\/image\/","url":"https:\/\/www.cib.de\/wp-content\/uploads\/2023\/10\/CIB_Logo_.svg","contentUrl":"https:\/\/www.cib.de\/wp-content\/uploads\/2023\/10\/CIB_Logo_.svg","width":283,"height":128,"caption":"CIB Group"},"image":{"@id":"https:\/\/www.cib.de\/#\/schema\/logo\/image\/"},"sameAs":["https:\/\/www.linkedin.com\/company\/cib\/"]}]}},"post_mailing_queue_ids":[],"_links":{"self":[{"href":"https:\/\/www.cib.de\/es\/wp-json\/wp\/v2\/pages\/123030","targetHints":{"allow":["GET"]}}],"collection":[{"href":"https:\/\/www.cib.de\/es\/wp-json\/wp\/v2\/pages"}],"about":[{"href":"https:\/\/www.cib.de\/es\/wp-json\/wp\/v2\/types\/page"}],"author":[{"embeddable":true,"href":"https:\/\/www.cib.de\/es\/wp-json\/wp\/v2\/users\/246"}],"replies":[{"embeddable":true,"href":"https:\/\/www.cib.de\/es\/wp-json\/wp\/v2\/comments?post=123030"}],"version-history":[{"count":20,"href":"https:\/\/www.cib.de\/es\/wp-json\/wp\/v2\/pages\/123030\/revisions"}],"predecessor-version":[{"id":128474,"href":"https:\/\/www.cib.de\/es\/wp-json\/wp\/v2\/pages\/123030\/revisions\/128474"}],"wp:attachment":[{"href":"https:\/\/www.cib.de\/es\/wp-json\/wp\/v2\/media?parent=123030"}],"wp:term":[{"taxonomy":"category","embeddable":true,"href":"https:\/\/www.cib.de\/es\/wp-json\/wp\/v2\/categories?post=123030"}],"curies":[{"name":"wp","href":"https:\/\/api.w.org\/{rel}","templated":true}]}}