{"id":2274,"date":"2021-05-04T09:36:49","date_gmt":"2021-05-04T07:36:49","guid":{"rendered":"http:\/\/18.198.70.165.nip.io\/?page_id=2274"},"modified":"2025-11-24T11:34:41","modified_gmt":"2025-11-24T10:34:41","slug":"newsletter-cib","status":"publish","type":"page","link":"https:\/\/www.cib.de\/es\/newsletterabonnieren\/","title":{"rendered":"Suscribirse a la newsletter"},"content":{"rendered":"\t\t<div data-elementor-type=\"wp-page\" data-elementor-id=\"2274\" class=\"elementor elementor-2274\" data-elementor-post-type=\"page\">\n\t\t\t\t\t\t<section class=\"elementor-section elementor-top-section elementor-element elementor-element-3c3c4bf elementor-section-boxed elementor-section-height-default elementor-section-height-default\" data-id=\"3c3c4bf\" data-element_type=\"section\" data-e-type=\"section\">\n\t\t\t\t\t\t<div class=\"elementor-container elementor-column-gap-custom\">\n\t\t\t\t\t<div class=\"elementor-column elementor-col-50 elementor-top-column elementor-element elementor-element-b025c67\" data-id=\"b025c67\" data-element_type=\"column\" data-e-type=\"column\">\n\t\t\t<div class=\"elementor-widget-wrap elementor-element-populated\">\n\t\t\t\t\t\t<div class=\"elementor-element elementor-element-c084ef4 elementor-widget elementor-widget-heading\" data-id=\"c084ef4\" data-element_type=\"widget\" data-e-type=\"widget\" data-widget_type=\"heading.default\">\n\t\t\t\t<div class=\"elementor-widget-container\">\n\t\t\t\t\t<h2 class=\"elementor-heading-title elementor-size-default\">CIB Blog abonnieren<\/h2>\t\t\t\t<\/div>\n\t\t\t\t<\/div>\n\t\t\t\t<div class=\"elementor-element elementor-element-45cabd4 elementor-widget elementor-widget-text-editor\" data-id=\"45cabd4\" data-element_type=\"widget\" data-e-type=\"widget\" data-widget_type=\"text-editor.default\">\n\t\t\t\t<div class=\"elementor-widget-container\">\n\t\t\t\t\t\t\t\t\t<p>Wir halten Sie zu aktuellen\u00a0 Themen rund um CIB-L\u00f6sungen, Innovation, Digitalisierung und KI-Forschung auf dem Laufenden!<\/p><p>Sie interessieren sich f\u00fcr <strong>Prozessautomatisierung<\/strong> und f\u00fcr die <strong>CIB seven BPM-Engine<\/strong>? Besuchen Sie <u><a href=\"https:\/\/www.cibseven.org\">cibseven.org<\/a><\/u> und abonnieren Sie den <u><a href=\"https:\/\/cibseven.org\/newsletter\">CIB seven Newsletter<\/a><\/u>.<\/p>\t\t\t\t\t\t\t\t<\/div>\n\t\t\t\t<\/div>\n\t\t\t\t<div class=\"elementor-element elementor-element-2915bfa elementor-hidden-mobile elementor-widget elementor-widget-image\" data-id=\"2915bfa\" data-element_type=\"widget\" data-e-type=\"widget\" data-widget_type=\"image.default\">\n\t\t\t\t<div class=\"elementor-widget-container\">\n\t\t\t\t\t\t\t\t\t\t\t\t\t\t\t<img fetchpriority=\"high\" decoding=\"async\" width=\"1024\" height=\"832\" src=\"https:\/\/www.cib.de\/wp-content\/uploads\/2024\/03\/dund-dmsll-1024x832.png\" class=\"attachment-large size-large wp-image-112711\" alt=\"\" srcset=\"https:\/\/www.cib.de\/wp-content\/uploads\/2024\/03\/dund-dmsll-1024x832.png 1024w, https:\/\/www.cib.de\/wp-content\/uploads\/2024\/03\/dund-dmsll-369x300.png 369w, https:\/\/www.cib.de\/wp-content\/uploads\/2024\/03\/dund-dmsll-768x624.png 768w, https:\/\/www.cib.de\/wp-content\/uploads\/2024\/03\/dund-dmsll-15x12.png 15w, https:\/\/www.cib.de\/wp-content\/uploads\/2024\/03\/dund-dmsll.png 1052w\" sizes=\"(max-width: 1024px) 100vw, 1024px\" \/>\t\t\t\t\t\t\t\t\t\t\t\t\t\t\t<\/div>\n\t\t\t\t<\/div>\n\t\t\t\t\t<\/div>\n\t\t<\/div>\n\t\t\t\t<div class=\"elementor-column elementor-col-50 elementor-top-column elementor-element elementor-element-d7b80d2\" data-id=\"d7b80d2\" data-element_type=\"column\" data-e-type=\"column\" data-settings=\"{&quot;background_background&quot;:&quot;classic&quot;}\">\n\t\t\t<div class=\"elementor-widget-wrap elementor-element-populated\">\n\t\t\t\t\t\t<div class=\"elementor-element elementor-element-f580896 elementor-widget elementor-widget-shortcode\" data-id=\"f580896\" data-element_type=\"widget\" data-e-type=\"widget\" data-no-translation=\"\" data-widget_type=\"shortcode.default\">\n\t\t\t\t<div class=\"elementor-widget-container\">\n\t\t\t\t\t<style>.elementor-element-f580896{display:none !important}<\/style>\t\t\t\t<\/div>\n\t\t\t\t<\/div>\n\t\t\t\t<div class=\"elementor-element elementor-element-5588159 elementor-widget elementor-widget-shortcode\" data-id=\"5588159\" data-element_type=\"widget\" data-e-type=\"widget\" data-no-translation=\"\" data-widget_type=\"shortcode.default\">\n\t\t\t\t<div class=\"elementor-widget-container\">\n\t\t\t\t\t\t\t<div class=\"elementor-shortcode\"><div class=\"emaillist\" id=\"es_form_f15-n2\"><form action=\"\/es\/wp-json\/wp\/v2\/pages\/2274#es_form_f15-n2\" method=\"post\" class=\"es_subscription_form es_shortcode_form  es_ajax_subscription_form\" id=\"es_subscription_form_69da02b5a289a\" data-source=\"ig-es\" data-form-id=\"15\"><input type=\"hidden\" name=\"esfpx_form_id\" value=\"15\" \/><input type=\"hidden\" name=\"esfpx_lists[]\" value=\"ad8b9060f5ae\" \/><input type=\"hidden\" name=\"es\" value=\"subscribe\" \/>\n\t\t\t<input type=\"hidden\" name=\"esfpx_es_form_identifier\" value=\"f15-n2\" \/>\n\t\t\t<input type=\"hidden\" name=\"esfpx_es_email_page\" value=\"2274\" \/>\n\t\t\t<input type=\"hidden\" name=\"esfpx_es_email_page_url\" value=\"https:\/\/www.cib.de\/es\/newsletterabonnieren\/\" \/>\n\t\t\t<input type=\"hidden\" name=\"esfpx_status\" value=\"Unconfirmed\" \/>\n\t\t\t<input type=\"hidden\" name=\"esfpx_es-subscribe\" id=\"es-subscribe-69da02b5a289a\" value=\"b74b201bff\" \/>\n\t\t\t<label style=\"position:absolute;top:-99999px;left:-99999px;z-index:-99;\" aria-hidden=\"true\"><span hidden>Please leave this field empty.<\/span><input type=\"email\" name=\"esfpx_es_hp_email\" class=\"es_required_field\" tabindex=\"-1\" autocomplete=\"-1\" value=\"\" \/><\/label><style>form.es_subscription_form[data-form-id=\"15\"] * { box-sizing: border-box; } body {margin: 0;}#it3hl{font-size:13px;text-decoration:none;margin:4% 0 2% 0;}#i6ef2{text-decoration:underline;}#i9gtw{color:#0f2133;background-color:#ffffff;border:0 solid #0f2133;}form[data-form-id=\"15\"] .es-form-field-container .gjs-row{display:flex;justify-content:flex-start;align-items:stretch;flex-wrap:nowrap;}form[data-form-id=\"15\"] .es-form-field-container .gjs-cell{flex-grow:1;flex-basis:100%;}form[data-form-id=\"15\"] .es-form-field-container .gjs-cell[data-highlightable=\"1\"]:empty{border-top-width:1px;border-right-width:1px;border-bottom-width:1px;border-left-width:1px;border-top-style:dashed;border-right-style:dashed;border-bottom-style:dashed;border-left-style:dashed;border-top-color:rgb(204, 204, 204);border-right-color:rgb(204, 204, 204);border-bottom-color:rgb(204, 204, 204);border-left-color:rgb(204, 204, 204);border-image-source:initial;border-image-slice:initial;border-image-width:initial;border-image-outset:initial;border-image-repeat:initial;height:30px;}form[data-form-id=\"15\"] .es-form-field-container .gjs-row .gjs-cell input[type=\"checkbox\"], form[data-form-id=\"15\"] .es-form-field-container .gjs-row .gjs-cell input[type=\"radio\"]{margin-top:0px;margin-right:5px;margin-bottom:0px;margin-left:0px;width:auto;}form[data-form-id=\"15\"] .es-form-field-container .gjs-row{margin-bottom:0.6em;}form[data-form-id=\"15\"] .es-form-field-container label.es-field-label{display:block;}@media only screen and (max-width: 576px){.gjs-row{display:flex;flex-direction:column;}.gjs-cell img{width:100%;height:auto;}}@media (max-width: 320px){form[data-form-id=\"15\"] .es-form-field-container{padding-top:1rem;padding-right:1rem;padding-bottom:1rem;padding-left:1rem;}}<\/style><div class=\"es-form-field-container\"><div class=\"gjs-row\"><div class=\"gjs-cell\"><label for=\"esfpx_name_31ef438927289\" class=\"es-field-label\">Su nombre*<\/label><input type=\"text\" name=\"esfpx_name\" autocomplete=\"off\" placeholder=\"\" class=\"es-name\" id=\"esfpx_name_31ef438927289\" \/><\/div><\/div><div class=\"gjs-row\"><div class=\"gjs-cell\"><label for=\"esfpx_email_31ef438927289\" class=\"es-field-label\">Correo electr\u00f3nico*<\/label><input type=\"email\" required class=\"es-email\" name=\"esfpx_email\" autocomplete=\"off\" placeholder=\"\" id=\"esfpx_email_31ef438927289\" \/><\/div><\/div><div class=\"gjs-row\"><div class=\"gjs-cell\"><div class=\"gjs-row\"><div class=\"gjs-cell\"><div class=\"es_gdpr\"><label id=\"it3hl\" class=\"es-field-label\"><input type=\"checkbox\" required=\"required\" name=\"es_gdpr_consent\" value=\"true\" \/>Acepto la <a href=\"https:\/\/www.cib.de\/es\/protecciondedatos\/\" id=\"i6ef2\" target=\"_blank\" class=\"link gjs-selected\">pol\u00edtica de privacidad<\/a><\/label><\/div><\/div><\/div><\/div><\/div><div class=\"gjs-row\"><div class=\"gjs-cell\"><input type=\"submit\" name=\"submit\" value=\"Suscribirse al Blog\" required id=\"i9gtw\" \/><\/div><\/div><\/div><span class=\"es_spinner_image\" id=\"spinner-image\"><img decoding=\"async\" src=\"https:\/\/www.cib.de\/wp-content\/plugins\/email-subscribers-premium\/lite\/public\/images\/spinner.gif\" alt=\"Loading\" \/><\/span><\/form><span class=\"es_subscription_message \" id=\"es_subscription_message_69da02b5a289a\" role=\"alert\" aria-live=\"assertive\"><\/span><\/div><\/div>\n\t\t\t\t\t\t<\/div>\n\t\t\t\t<\/div>\n\t\t\t\t<div class=\"elementor-element elementor-element-4375c1b elementor-widget elementor-widget-shortcode\" data-id=\"4375c1b\" data-element_type=\"widget\" data-e-type=\"widget\" data-widget_type=\"shortcode.default\">\n\t\t\t\t<div class=\"elementor-widget-container\">\n\t\t\t\t\t<style>.elementor-element-4375c1b{display:none !important}<\/style>\t\t\t\t<\/div>\n\t\t\t\t<\/div>\n\t\t\t\t<div class=\"elementor-element elementor-element-286757a elementor-widget elementor-widget-shortcode\" data-id=\"286757a\" data-element_type=\"widget\" data-e-type=\"widget\" data-widget_type=\"shortcode.default\">\n\t\t\t\t<div class=\"elementor-widget-container\">\n\t\t\t\t\t<style>.elementor-element-286757a{display:none !important}<\/style>\t\t\t\t<\/div>\n\t\t\t\t<\/div>\n\t\t\t\t\t<\/div>\n\t\t<\/div>\n\t\t\t\t\t<\/div>\n\t\t<\/section>\n\t\t\t\t<section class=\"elementor-section elementor-top-section elementor-element elementor-element-57b63ef elementor-section-boxed elementor-section-height-default elementor-section-height-default\" data-id=\"57b63ef\" data-element_type=\"section\" data-e-type=\"section\" data-settings=\"{&quot;background_background&quot;:&quot;classic&quot;}\">\n\t\t\t\t\t\t\t<div class=\"elementor-background-overlay\"><\/div>\n\t\t\t\t\t\t\t<div class=\"elementor-container elementor-column-gap-default\">\n\t\t\t\t\t<div class=\"elementor-column elementor-col-100 elementor-top-column elementor-element elementor-element-7825e03\" data-id=\"7825e03\" data-element_type=\"column\" data-e-type=\"column\">\n\t\t\t<div class=\"elementor-widget-wrap elementor-element-populated\">\n\t\t\t\t\t\t<div class=\"elementor-element elementor-element-f45fabb elementor-widget elementor-widget-heading\" data-id=\"f45fabb\" data-element_type=\"widget\" data-e-type=\"widget\" data-widget_type=\"heading.default\">\n\t\t\t\t<div class=\"elementor-widget-container\">\n\t\t\t\t\t<h2 class=\"elementor-heading-title elementor-size-default\">Noch mehr entdecken!<\/h2>\t\t\t\t<\/div>\n\t\t\t\t<\/div>\n\t\t\t\t<div class=\"elementor-element elementor-element-9d71b42 elementor-align-center elementor-widget elementor-widget-button\" data-id=\"9d71b42\" data-element_type=\"widget\" data-e-type=\"widget\" data-widget_type=\"button.default\">\n\t\t\t\t<div class=\"elementor-widget-container\">\n\t\t\t\t\t\t\t\t\t<div class=\"elementor-button-wrapper\">\n\t\t\t\t\t<a class=\"elementor-button elementor-button-link elementor-size-sm\" href=\"\/blog\/\">\n\t\t\t\t\t\t<span class=\"elementor-button-content-wrapper\">\n\t\t\t\t\t\t\t\t\t<span class=\"elementor-button-text\">Zum Blog<\/span>\n\t\t\t\t\t<\/span>\n\t\t\t\t\t<\/a>\n\t\t\t\t<\/div>\n\t\t\t\t\t\t\t\t<\/div>\n\t\t\t\t<\/div>\n\t\t\t\t\t<\/div>\n\t\t<\/div>\n\t\t\t\t\t<\/div>\n\t\t<\/section>\n\t\t\t\t<\/div>\n\t\t","protected":false},"excerpt":{"rendered":"<p>CIB Blog abonnieren Wir halten Sie zu aktuellen\u00a0 Themen rund um CIB-L\u00f6sungen, Innovation, Digitalisierung und KI-Forschung auf dem Laufenden! Sie interessieren sich f\u00fcr Prozessautomatisierung und f\u00fcr die CIB seven BPM-Engine? Besuchen Sie cibseven.org und abonnieren Sie den CIB seven Newsletter. Noch mehr entdecken! Zum Blog<\/p>","protected":false},"author":246,"featured_media":22036,"parent":0,"menu_order":0,"comment_status":"closed","ping_status":"closed","template":"","meta":{"_acf_changed":false,"footnotes":""},"categories":[2278],"class_list":{"0":"post-2274","1":"page","2":"type-page","3":"status-publish","4":"has-post-thumbnail","6":"category-form-lp"},"acf":[],"yoast_head":"<!-- This site is optimized with the Yoast SEO plugin v27.3 - https:\/\/yoast.com\/product\/yoast-seo-wordpress\/ -->\n<title>Newsletter abonnieren - CIB Group<\/title>\n<meta name=\"description\" content=\"Es freut uns, dass Sie den CIB Blog abonnieren m\u00f6chten. Wir halten Sie mit Artikeln rund um unsere Expertise und unser Unternehmen informiert.\" \/>\n<meta name=\"robots\" content=\"index, follow, max-snippet:-1, max-image-preview:large, max-video-preview:-1\" \/>\n<link rel=\"canonical\" href=\"https:\/\/www.cib.de\/es\/newsletter-cib\/\" \/>\n<meta property=\"og:locale\" content=\"es_ES\" \/>\n<meta property=\"og:type\" content=\"article\" \/>\n<meta property=\"og:title\" content=\"Newsletter abonnieren - CIB Group\" \/>\n<meta property=\"og:description\" content=\"Es freut uns, dass Sie den CIB Blog abonnieren m\u00f6chten. Wir halten Sie mit Artikeln rund um unsere Expertise und unser Unternehmen informiert.\" \/>\n<meta property=\"og:url\" content=\"https:\/\/www.cib.de\/es\/newsletter-cib\/\" \/>\n<meta property=\"og:site_name\" content=\"CIB Group\" \/>\n<meta property=\"article:publisher\" content=\"https:\/\/www.linkedin.com\/company\/cib\/\" \/>\n<meta property=\"article:modified_time\" content=\"2025-11-24T10:34:41+00:00\" \/>\n<meta property=\"og:image\" content=\"https:\/\/www.cib.de\/wp-content\/uploads\/2022\/01\/blog_Featured.jpg\" \/>\n\t<meta property=\"og:image:width\" content=\"382\" \/>\n\t<meta property=\"og:image:height\" content=\"239\" \/>\n\t<meta property=\"og:image:type\" content=\"image\/jpeg\" \/>\n<meta name=\"twitter:card\" content=\"summary_large_image\" \/>\n<meta name=\"twitter:label1\" content=\"Tiempo de lectura\" \/>\n\t<meta name=\"twitter:data1\" content=\"1 minuto\" \/>\n<script type=\"application\/ld+json\" class=\"yoast-schema-graph\">{\"@context\":\"https:\\\/\\\/schema.org\",\"@graph\":[{\"@type\":\"WebPage\",\"@id\":\"https:\\\/\\\/www.cib.de\\\/newsletterabonnieren\\\/\",\"url\":\"https:\\\/\\\/www.cib.de\\\/newsletterabonnieren\\\/\",\"name\":\"Newsletter abonnieren - CIB Group\",\"isPartOf\":{\"@id\":\"https:\\\/\\\/www.cib.de\\\/#website\"},\"primaryImageOfPage\":{\"@id\":\"https:\\\/\\\/www.cib.de\\\/newsletterabonnieren\\\/#primaryimage\"},\"image\":{\"@id\":\"https:\\\/\\\/www.cib.de\\\/newsletterabonnieren\\\/#primaryimage\"},\"thumbnailUrl\":\"https:\\\/\\\/www.cib.de\\\/wp-content\\\/uploads\\\/2022\\\/01\\\/blog_Featured.jpg\",\"datePublished\":\"2021-05-04T07:36:49+00:00\",\"dateModified\":\"2025-11-24T10:34:41+00:00\",\"description\":\"Es freut uns, dass Sie den CIB Blog abonnieren m\u00f6chten. Wir halten Sie mit Artikeln rund um unsere Expertise und unser Unternehmen informiert.\",\"breadcrumb\":{\"@id\":\"https:\\\/\\\/www.cib.de\\\/newsletterabonnieren\\\/#breadcrumb\"},\"inLanguage\":\"es\",\"potentialAction\":[{\"@type\":\"ReadAction\",\"target\":[\"https:\\\/\\\/www.cib.de\\\/newsletterabonnieren\\\/\"]}]},{\"@type\":\"ImageObject\",\"inLanguage\":\"es\",\"@id\":\"https:\\\/\\\/www.cib.de\\\/newsletterabonnieren\\\/#primaryimage\",\"url\":\"https:\\\/\\\/www.cib.de\\\/wp-content\\\/uploads\\\/2022\\\/01\\\/blog_Featured.jpg\",\"contentUrl\":\"https:\\\/\\\/www.cib.de\\\/wp-content\\\/uploads\\\/2022\\\/01\\\/blog_Featured.jpg\",\"width\":382,\"height\":239},{\"@type\":\"BreadcrumbList\",\"@id\":\"https:\\\/\\\/www.cib.de\\\/newsletterabonnieren\\\/#breadcrumb\",\"itemListElement\":[{\"@type\":\"ListItem\",\"position\":1,\"name\":\"Home\",\"item\":\"https:\\\/\\\/www.cib.de\\\/\"},{\"@type\":\"ListItem\",\"position\":2,\"name\":\"Newsletter abonnieren\"}]},{\"@type\":\"WebSite\",\"@id\":\"https:\\\/\\\/www.cib.de\\\/#website\",\"url\":\"https:\\\/\\\/www.cib.de\\\/\",\"name\":\"CIB Group\",\"description\":\"Digitalisierung, Prozessautomatisierung, K\u00fcnstliche Intelligenz\",\"publisher\":{\"@id\":\"https:\\\/\\\/www.cib.de\\\/#organization\"},\"potentialAction\":[{\"@type\":\"SearchAction\",\"target\":{\"@type\":\"EntryPoint\",\"urlTemplate\":\"https:\\\/\\\/www.cib.de\\\/?s={search_term_string}\"},\"query-input\":{\"@type\":\"PropertyValueSpecification\",\"valueRequired\":true,\"valueName\":\"search_term_string\"}}],\"inLanguage\":\"es\"},{\"@type\":\"Organization\",\"@id\":\"https:\\\/\\\/www.cib.de\\\/#organization\",\"name\":\"CIB Group\",\"url\":\"https:\\\/\\\/www.cib.de\\\/\",\"logo\":{\"@type\":\"ImageObject\",\"inLanguage\":\"es\",\"@id\":\"https:\\\/\\\/www.cib.de\\\/#\\\/schema\\\/logo\\\/image\\\/\",\"url\":\"https:\\\/\\\/www.cib.de\\\/wp-content\\\/uploads\\\/2023\\\/10\\\/CIB_Logo_.svg\",\"contentUrl\":\"https:\\\/\\\/www.cib.de\\\/wp-content\\\/uploads\\\/2023\\\/10\\\/CIB_Logo_.svg\",\"width\":283,\"height\":128,\"caption\":\"CIB Group\"},\"image\":{\"@id\":\"https:\\\/\\\/www.cib.de\\\/#\\\/schema\\\/logo\\\/image\\\/\"},\"sameAs\":[\"https:\\\/\\\/www.linkedin.com\\\/company\\\/cib\\\/\"]}]}<\/script>\n<!-- \/ Yoast SEO plugin. -->","yoast_head_json":{"title":"Suscribirse a la newsletter - CIB Group","description":"En nuestro Blog encontrar\u00e1s informaciones sobre Digitalizaci\u00f3n, Innovaci\u00f3n y nuestras soluciones CIB, as\u00ed como noticias corporativas.","robots":{"index":"index","follow":"follow","max-snippet":"max-snippet:-1","max-image-preview":"max-image-preview:large","max-video-preview":"max-video-preview:-1"},"canonical":"https:\/\/www.cib.de\/es\/newsletter-cib\/","og_locale":"es_ES","og_type":"article","og_title":"Newsletter abonnieren - CIB Group","og_description":"Es freut uns, dass Sie den CIB Blog abonnieren m\u00f6chten. Wir halten Sie mit Artikeln rund um unsere Expertise und unser Unternehmen informiert.","og_url":"https:\/\/www.cib.de\/es\/newsletter-cib\/","og_site_name":"CIB Group","article_publisher":"https:\/\/www.linkedin.com\/company\/cib\/","article_modified_time":"2025-11-24T10:34:41+00:00","og_image":[{"width":382,"height":239,"url":"https:\/\/www.cib.de\/wp-content\/uploads\/2022\/01\/blog_Featured.jpg","type":"image\/jpeg"}],"twitter_card":"summary_large_image","twitter_misc":{"Tiempo de lectura":"1 minuto"},"schema":{"@context":"https:\/\/schema.org","@graph":[{"@type":"WebPage","@id":"https:\/\/www.cib.de\/newsletterabonnieren\/","url":"https:\/\/www.cib.de\/newsletterabonnieren\/","name":"Suscribirse a la newsletter - CIB Group","isPartOf":{"@id":"https:\/\/www.cib.de\/#website"},"primaryImageOfPage":{"@id":"https:\/\/www.cib.de\/newsletterabonnieren\/#primaryimage"},"image":{"@id":"https:\/\/www.cib.de\/newsletterabonnieren\/#primaryimage"},"thumbnailUrl":"https:\/\/www.cib.de\/wp-content\/uploads\/2022\/01\/blog_Featured.jpg","datePublished":"2021-05-04T07:36:49+00:00","dateModified":"2025-11-24T10:34:41+00:00","description":"En nuestro Blog encontrar\u00e1s informaciones sobre Digitalizaci\u00f3n, Innovaci\u00f3n y nuestras soluciones CIB, as\u00ed como noticias corporativas.","breadcrumb":{"@id":"https:\/\/www.cib.de\/newsletterabonnieren\/#breadcrumb"},"inLanguage":"es","potentialAction":[{"@type":"ReadAction","target":["https:\/\/www.cib.de\/newsletterabonnieren\/"]}]},{"@type":"ImageObject","inLanguage":"es","@id":"https:\/\/www.cib.de\/newsletterabonnieren\/#primaryimage","url":"https:\/\/www.cib.de\/wp-content\/uploads\/2022\/01\/blog_Featured.jpg","contentUrl":"https:\/\/www.cib.de\/wp-content\/uploads\/2022\/01\/blog_Featured.jpg","width":382,"height":239},{"@type":"BreadcrumbList","@id":"https:\/\/www.cib.de\/newsletterabonnieren\/#breadcrumb","itemListElement":[{"@type":"ListItem","position":1,"name":"Home","item":"https:\/\/www.cib.de\/"},{"@type":"ListItem","position":2,"name":"Newsletter abonnieren"}]},{"@type":"WebSite","@id":"https:\/\/www.cib.de\/#website","url":"https:\/\/www.cib.de\/","name":"CIB Group","description":"Digitalisierung, Prozessautomatisierung, K\u00fcnstliche Intelligenz","publisher":{"@id":"https:\/\/www.cib.de\/#organization"},"potentialAction":[{"@type":"SearchAction","target":{"@type":"EntryPoint","urlTemplate":"https:\/\/www.cib.de\/?s={search_term_string}"},"query-input":{"@type":"PropertyValueSpecification","valueRequired":true,"valueName":"search_term_string"}}],"inLanguage":"es"},{"@type":"Organization","@id":"https:\/\/www.cib.de\/#organization","name":"CIB Group","url":"https:\/\/www.cib.de\/","logo":{"@type":"ImageObject","inLanguage":"es","@id":"https:\/\/www.cib.de\/#\/schema\/logo\/image\/","url":"https:\/\/www.cib.de\/wp-content\/uploads\/2023\/10\/CIB_Logo_.svg","contentUrl":"https:\/\/www.cib.de\/wp-content\/uploads\/2023\/10\/CIB_Logo_.svg","width":283,"height":128,"caption":"CIB Group"},"image":{"@id":"https:\/\/www.cib.de\/#\/schema\/logo\/image\/"},"sameAs":["https:\/\/www.linkedin.com\/company\/cib\/"]}]}},"post_mailing_queue_ids":[],"_links":{"self":[{"href":"https:\/\/www.cib.de\/es\/wp-json\/wp\/v2\/pages\/2274","targetHints":{"allow":["GET"]}}],"collection":[{"href":"https:\/\/www.cib.de\/es\/wp-json\/wp\/v2\/pages"}],"about":[{"href":"https:\/\/www.cib.de\/es\/wp-json\/wp\/v2\/types\/page"}],"author":[{"embeddable":true,"href":"https:\/\/www.cib.de\/es\/wp-json\/wp\/v2\/users\/246"}],"replies":[{"embeddable":true,"href":"https:\/\/www.cib.de\/es\/wp-json\/wp\/v2\/comments?post=2274"}],"version-history":[{"count":375,"href":"https:\/\/www.cib.de\/es\/wp-json\/wp\/v2\/pages\/2274\/revisions"}],"predecessor-version":[{"id":132043,"href":"https:\/\/www.cib.de\/es\/wp-json\/wp\/v2\/pages\/2274\/revisions\/132043"}],"wp:featuredmedia":[{"embeddable":true,"href":"https:\/\/www.cib.de\/es\/wp-json\/wp\/v2\/media\/22036"}],"wp:attachment":[{"href":"https:\/\/www.cib.de\/es\/wp-json\/wp\/v2\/media?parent=2274"}],"wp:term":[{"taxonomy":"category","embeddable":true,"href":"https:\/\/www.cib.de\/es\/wp-json\/wp\/v2\/categories?post=2274"}],"curies":[{"name":"wp","href":"https:\/\/api.w.org\/{rel}","templated":true}]}}