{"id":83633,"date":"2023-04-25T09:29:39","date_gmt":"2023-04-25T07:29:39","guid":{"rendered":"https:\/\/www.cib.de\/?page_id=83633"},"modified":"2024-08-28T12:00:45","modified_gmt":"2024-08-28T10:00:45","slug":"pedido-gratuito-usuarios-con-discapacidad","status":"publish","type":"page","link":"https:\/\/www.cib.de\/es\/kostenfreie-bestellung-schwerbehinderte-nutzer\/","title":{"rendered":"Soluciones gratuitas para personas con discapacidad grave"},"content":{"rendered":"<div data-elementor-type=\"wp-page\" data-elementor-id=\"83633\" class=\"elementor elementor-83633\" data-elementor-post-type=\"page\">\n\t\t\t\t\t\t<section class=\"elementor-section elementor-top-section elementor-element elementor-element-6ac8ef5 elementor-section-boxed elementor-section-height-default elementor-section-height-default\" data-id=\"6ac8ef5\" data-element_type=\"section\" data-e-type=\"section\" data-settings=\"{&quot;background_background&quot;:&quot;classic&quot;}\">\n\t\t\t\t\t\t<div class=\"elementor-container elementor-column-gap-default\">\n\t\t\t\t\t<div class=\"elementor-column elementor-col-50 elementor-top-column elementor-element elementor-element-09769c9\" data-id=\"09769c9\" data-element_type=\"column\" data-e-type=\"column\">\n\t\t\t<div class=\"elementor-widget-wrap elementor-element-populated\">\n\t\t\t\t\t\t<div class=\"elementor-element elementor-element-3876dcd elementor-widget elementor-widget-heading\" data-id=\"3876dcd\" data-element_type=\"widget\" data-e-type=\"widget\" data-widget_type=\"heading.default\">\n\t\t\t\t<div class=\"elementor-widget-container\">\n\t\t\t\t\t<h2 class=\"elementor-heading-title elementor-size-default\">Nuestras soluciones gratuitas para personas con discapacidad grave<\/h2>\t\t\t\t<\/div>\n\t\t\t\t<\/div>\n\t\t\t\t<div class=\"elementor-element elementor-element-0c4f812 elementor-widget__width-initial elementor-widget elementor-widget-text-editor\" data-id=\"0c4f812\" data-element_type=\"widget\" data-e-type=\"widget\" data-widget_type=\"text-editor.default\">\n\t\t\t\t<div class=\"elementor-widget-container\">\n\t\t\t\t\t\t\t\t\t<p>Ofrecemos a los usuarios particulares con discapacidades graves una\u00a0<strong><span style=\"text-decoration: underline;\"><a href=\"\/es\/pdfbrewer\/\">Licencia Business de CIB pdf brewer<\/a><\/span><\/strong>\u00a0gratuita que incluye asistencia. Nuestras cajas de esc\u00e1ner plegables\u00a0<strong><span style=\"text-decoration: underline;\"><a href=\"\/es\/scannerbox\/\">CIB doXibox y CIB doXicrate<\/a><\/span><\/strong>\u00a0tambi\u00e9n est\u00e1n disponibles gratuitamente - \u00a1hasta fin de existencias!<\/p><p>Seleccione su producto y suba su certificado de discapacidad.<\/p><p><b><span dir=\"ltr\"><strong>Ay\u00fadenos a mejorar<\/strong><\/span><\/b><\/p><p>Le pedimos su conformidad para contactar por correo y pedir su opini\u00f3n para mejorar la utilidad de nuestros productos.<\/p>\t\t\t\t\t\t\t\t<\/div>\n\t\t\t\t<\/div>\n\t\t\t\t<div class=\"elementor-element elementor-element-8aaee59 elementor-widget elementor-widget-image\" data-id=\"8aaee59\" data-element_type=\"widget\" data-e-type=\"widget\" data-widget_type=\"image.default\">\n\t\t\t\t<div class=\"elementor-widget-container\">\n\t\t\t\t\t\t\t\t\t\t\t\t\t\t\t<img fetchpriority=\"high\" decoding=\"async\" width=\"650\" height=\"431\" src=\"https:\/\/www.cib.de\/wp-content\/uploads\/2021\/11\/HG_CIBdoXibox_crate.svg\" class=\"attachment-large size-large wp-image-16739\" alt=\"doxibox\" \/>\t\t\t\t\t\t\t\t\t\t\t\t\t\t\t<\/div>\n\t\t\t\t<\/div>\n\t\t\t\t\t<\/div>\n\t\t<\/div>\n\t\t\t\t<div class=\"elementor-column elementor-col-50 elementor-top-column elementor-element elementor-element-c90abd7\" data-id=\"c90abd7\" data-element_type=\"column\" data-e-type=\"column\">\n\t\t\t<div class=\"elementor-widget-wrap elementor-element-populated\">\n\t\t\t\t\t\t<div class=\"elementor-element elementor-element-b7dbbe6 elementor-widget elementor-widget-wp-widget-forminator_widget\" data-id=\"b7dbbe6\" data-element_type=\"widget\" data-e-type=\"widget\" data-widget_type=\"wp-widget-forminator_widget.default\">\n\t\t\t\t<div class=\"elementor-widget-container\">\n\t\t\t\t\t<form id=\"forminator-module-94383\" class=\"forminator-custom-form forminator-custom-form-94383\" method=\"post\" data-forminator-render=\"0\" data-uid=\"69f156b771bfe\" action=\"\"><div role=\"alert\" aria-live=\"polite\" class=\"forminator-response-message forminator-error\" aria-hidden=\"true\"><\/div><input type=\"hidden\" name=\"trp-form-language\" value=\"es\"\/><\/form>\t\t\t\t<\/div>\n\t\t\t\t<\/div>\n\t\t\t\t\t<\/div>\n\t\t<\/div>\n\t\t\t\t\t<\/div>\n\t\t<\/section>\n\t\t\t\t<section class=\"elementor-section elementor-top-section elementor-element elementor-element-5435f25 elementor-section-boxed elementor-section-height-default elementor-section-height-default\" data-id=\"5435f25\" data-element_type=\"section\" data-e-type=\"section\" data-settings=\"{&quot;background_background&quot;:&quot;classic&quot;}\">\n\t\t\t\t\t\t\t<div class=\"elementor-background-overlay\"><\/div>\n\t\t\t\t\t\t\t<div class=\"elementor-container elementor-column-gap-default\">\n\t\t\t\t\t<div class=\"elementor-column elementor-col-100 elementor-top-column elementor-element elementor-element-4850c2d\" data-id=\"4850c2d\" data-element_type=\"column\" data-e-type=\"column\">\n\t\t\t<div class=\"elementor-widget-wrap elementor-element-populated\">\n\t\t\t\t\t\t<div class=\"elementor-element elementor-element-d49ddb9 elementor-widget elementor-widget-heading\" data-id=\"d49ddb9\" data-element_type=\"widget\" data-e-type=\"widget\" data-widget_type=\"heading.default\">\n\t\t\t\t<div class=\"elementor-widget-container\">\n\t\t\t\t\t<h2 class=\"elementor-heading-title elementor-size-default\">\u00bfAccesibilidad y digitalizaci\u00f3n?<\/h2>\t\t\t\t<\/div>\n\t\t\t\t<\/div>\n\t\t\t\t<div class=\"elementor-element elementor-element-a39b0e7 elementor-align-center elementor-widget elementor-widget-button\" data-id=\"a39b0e7\" data-element_type=\"widget\" data-e-type=\"widget\" data-widget_type=\"button.default\">\n\t\t\t\t<div class=\"elementor-widget-container\">\n\t\t\t\t\t\t\t\t\t<div class=\"elementor-button-wrapper\">\n\t\t\t\t\t<a class=\"elementor-button elementor-button-link elementor-size-sm\" href=\"\/es\/digitalizacion-accesible\/\">\n\t\t\t\t\t\t<span class=\"elementor-button-content-wrapper\">\n\t\t\t\t\t\t\t\t\t<span class=\"elementor-button-text\">Saber m\u00e1s<\/span>\n\t\t\t\t\t<\/span>\n\t\t\t\t\t<\/a>\n\t\t\t\t<\/div>\n\t\t\t\t\t\t\t\t<\/div>\n\t\t\t\t<\/div>\n\t\t\t\t\t<\/div>\n\t\t<\/div>\n\t\t\t\t\t<\/div>\n\t\t<\/section>\n\t\t\t\t<\/div>","protected":false},"excerpt":{"rendered":"<p>Unsere kostenfreien L\u00f6sungen f\u00fcr schwerbehinderte Menschen Wir bieten Privatnutzern mit einer schweren Behinderung\u00a0kostenfrei eine\u00a0CIB pdf brewer Business Lizenz\u00a0inklusive kostenlosem Support an. Unsere faltbaren Scannerboxen\u00a0CIB doXibox und CIB doXicrate\u00a0erhalten Sie ebenfalls kostenlos &#8211; solange der Vorrat reicht! Bestellen Sie hier gegen Vorlage Ihres Schwerbehindertenausweises die gew\u00fcnschte L\u00f6sung. Wir w\u00fcnschen viel Freude damit! Ihr Feedback ist uns &#8230; <a title=\"Soluciones gratuitas para personas con discapacidad grave\" class=\"read-more\" href=\"https:\/\/www.cib.de\/es\/kostenfreie-bestellung-schwerbehinderte-nutzer\/\" aria-label=\"Leer m\u00e1s sobre Kostenfreie L\u00f6sungen f\u00fcr schwerbehinderte Menschen\">Leer m\u00e1s<\/a><\/p>","protected":false},"author":246,"featured_media":83786,"parent":0,"menu_order":0,"comment_status":"closed","ping_status":"closed","template":"","meta":{"_acf_changed":false,"footnotes":""},"categories":[2278],"class_list":{"0":"post-83633","1":"page","2":"type-page","3":"status-publish","4":"has-post-thumbnail","6":"category-form-lp"},"acf":[],"yoast_head":"<!-- This site is optimized with the Yoast SEO plugin v27.5 - https:\/\/yoast.com\/product\/yoast-seo-wordpress\/ -->\n<title>Kostenfreie L\u00f6sungen f\u00fcr schwerbehinderte Menschen<\/title>\n<meta name=\"description\" content=\"Wir bieten schwerbehinderten Menschen die M\u00f6glichkeit an, eine CIB pdf brewer Business-Gratislizenz zu erhalten.\" \/>\n<meta name=\"robots\" content=\"index, follow, max-snippet:-1, max-image-preview:large, max-video-preview:-1\" \/>\n<link rel=\"canonical\" href=\"https:\/\/www.cib.de\/es\/pedido-gratuito-usuarios-con-discapacidad\/\" \/>\n<meta property=\"og:locale\" content=\"es_ES\" \/>\n<meta property=\"og:type\" content=\"article\" \/>\n<meta property=\"og:title\" content=\"Kostenfreie L\u00f6sungen f\u00fcr schwerbehinderte Menschen\" \/>\n<meta property=\"og:description\" content=\"Wir bieten schwerbehinderten Menschen die M\u00f6glichkeit an, eine CIB pdf brewer Business-Gratislizenz zu erhalten.\" \/>\n<meta property=\"og:url\" content=\"https:\/\/www.cib.de\/es\/pedido-gratuito-usuarios-con-discapacidad\/\" \/>\n<meta property=\"og:site_name\" content=\"CIB Group\" \/>\n<meta property=\"article:publisher\" content=\"https:\/\/www.linkedin.com\/company\/cib\/\" \/>\n<meta property=\"article:modified_time\" content=\"2024-08-28T10:00:45+00:00\" \/>\n<meta name=\"twitter:card\" content=\"summary_large_image\" \/>\n<meta name=\"twitter:label1\" content=\"Tiempo de lectura\" \/>\n\t<meta name=\"twitter:data1\" content=\"1 minuto\" \/>\n<script type=\"application\/ld+json\" class=\"yoast-schema-graph\">{\"@context\":\"https:\\\/\\\/schema.org\",\"@graph\":[{\"@type\":\"WebPage\",\"@id\":\"https:\\\/\\\/www.cib.de\\\/kostenfreie-bestellung-schwerbehinderte-nutzer\\\/\",\"url\":\"https:\\\/\\\/www.cib.de\\\/kostenfreie-bestellung-schwerbehinderte-nutzer\\\/\",\"name\":\"Kostenfreie L\u00f6sungen f\u00fcr schwerbehinderte Menschen\",\"isPartOf\":{\"@id\":\"https:\\\/\\\/www.cib.de\\\/#website\"},\"primaryImageOfPage\":{\"@id\":\"https:\\\/\\\/www.cib.de\\\/kostenfreie-bestellung-schwerbehinderte-nutzer\\\/#primaryimage\"},\"image\":{\"@id\":\"https:\\\/\\\/www.cib.de\\\/kostenfreie-bestellung-schwerbehinderte-nutzer\\\/#primaryimage\"},\"thumbnailUrl\":\"https:\\\/\\\/www.cib.de\\\/wp-content\\\/uploads\\\/2023\\\/04\\\/doXibox-doXicrate-free_01-01.svg\",\"datePublished\":\"2023-04-25T07:29:39+00:00\",\"dateModified\":\"2024-08-28T10:00:45+00:00\",\"description\":\"Wir bieten schwerbehinderten Menschen die M\u00f6glichkeit an, eine CIB pdf brewer Business-Gratislizenz zu erhalten.\",\"breadcrumb\":{\"@id\":\"https:\\\/\\\/www.cib.de\\\/kostenfreie-bestellung-schwerbehinderte-nutzer\\\/#breadcrumb\"},\"inLanguage\":\"es\",\"potentialAction\":[{\"@type\":\"ReadAction\",\"target\":[\"https:\\\/\\\/www.cib.de\\\/kostenfreie-bestellung-schwerbehinderte-nutzer\\\/\"]}]},{\"@type\":\"ImageObject\",\"inLanguage\":\"es\",\"@id\":\"https:\\\/\\\/www.cib.de\\\/kostenfreie-bestellung-schwerbehinderte-nutzer\\\/#primaryimage\",\"url\":\"https:\\\/\\\/www.cib.de\\\/wp-content\\\/uploads\\\/2023\\\/04\\\/doXibox-doXicrate-free_01-01.svg\",\"contentUrl\":\"https:\\\/\\\/www.cib.de\\\/wp-content\\\/uploads\\\/2023\\\/04\\\/doXibox-doXicrate-free_01-01.svg\",\"width\":708,\"height\":562},{\"@type\":\"BreadcrumbList\",\"@id\":\"https:\\\/\\\/www.cib.de\\\/kostenfreie-bestellung-schwerbehinderte-nutzer\\\/#breadcrumb\",\"itemListElement\":[{\"@type\":\"ListItem\",\"position\":1,\"name\":\"Home\",\"item\":\"https:\\\/\\\/www.cib.de\\\/\"},{\"@type\":\"ListItem\",\"position\":2,\"name\":\"Kostenfreie L\u00f6sungen f\u00fcr schwerbehinderte Menschen\"}]},{\"@type\":\"WebSite\",\"@id\":\"https:\\\/\\\/www.cib.de\\\/#website\",\"url\":\"https:\\\/\\\/www.cib.de\\\/\",\"name\":\"CIB Group\",\"description\":\"Digitalisierung, Prozessautomatisierung, K\u00fcnstliche Intelligenz\",\"publisher\":{\"@id\":\"https:\\\/\\\/www.cib.de\\\/#organization\"},\"potentialAction\":[{\"@type\":\"SearchAction\",\"target\":{\"@type\":\"EntryPoint\",\"urlTemplate\":\"https:\\\/\\\/www.cib.de\\\/?s={search_term_string}\"},\"query-input\":{\"@type\":\"PropertyValueSpecification\",\"valueRequired\":true,\"valueName\":\"search_term_string\"}}],\"inLanguage\":\"es\"},{\"@type\":\"Organization\",\"@id\":\"https:\\\/\\\/www.cib.de\\\/#organization\",\"name\":\"CIB Group\",\"url\":\"https:\\\/\\\/www.cib.de\\\/\",\"logo\":{\"@type\":\"ImageObject\",\"inLanguage\":\"es\",\"@id\":\"https:\\\/\\\/www.cib.de\\\/#\\\/schema\\\/logo\\\/image\\\/\",\"url\":\"https:\\\/\\\/www.cib.de\\\/wp-content\\\/uploads\\\/2023\\\/10\\\/CIB_Logo_.svg\",\"contentUrl\":\"https:\\\/\\\/www.cib.de\\\/wp-content\\\/uploads\\\/2023\\\/10\\\/CIB_Logo_.svg\",\"width\":283,\"height\":128,\"caption\":\"CIB Group\"},\"image\":{\"@id\":\"https:\\\/\\\/www.cib.de\\\/#\\\/schema\\\/logo\\\/image\\\/\"},\"sameAs\":[\"https:\\\/\\\/www.linkedin.com\\\/company\\\/cib\\\/\"]}]}<\/script>\n<!-- \/ Yoast SEO plugin. -->","yoast_head_json":{"title":"Soluciones gratuitas para personas con discapacidad grave","description":"Ofrecemos a las personas con discapacidades graves la posibilidad de obtener una licencia gratuita de CIB pdf brewer Business","robots":{"index":"index","follow":"follow","max-snippet":"max-snippet:-1","max-image-preview":"max-image-preview:large","max-video-preview":"max-video-preview:-1"},"canonical":"https:\/\/www.cib.de\/es\/pedido-gratuito-usuarios-con-discapacidad\/","og_locale":"es_ES","og_type":"article","og_title":"Kostenfreie L\u00f6sungen f\u00fcr schwerbehinderte Menschen","og_description":"Wir bieten schwerbehinderten Menschen die M\u00f6glichkeit an, eine CIB pdf brewer Business-Gratislizenz zu erhalten.","og_url":"https:\/\/www.cib.de\/es\/pedido-gratuito-usuarios-con-discapacidad\/","og_site_name":"CIB Group","article_publisher":"https:\/\/www.linkedin.com\/company\/cib\/","article_modified_time":"2024-08-28T10:00:45+00:00","twitter_card":"summary_large_image","twitter_misc":{"Tiempo de lectura":"1 minuto"},"schema":{"@context":"https:\/\/schema.org","@graph":[{"@type":"WebPage","@id":"https:\/\/www.cib.de\/kostenfreie-bestellung-schwerbehinderte-nutzer\/","url":"https:\/\/www.cib.de\/kostenfreie-bestellung-schwerbehinderte-nutzer\/","name":"Soluciones gratuitas para personas con discapacidad grave","isPartOf":{"@id":"https:\/\/www.cib.de\/#website"},"primaryImageOfPage":{"@id":"https:\/\/www.cib.de\/kostenfreie-bestellung-schwerbehinderte-nutzer\/#primaryimage"},"image":{"@id":"https:\/\/www.cib.de\/kostenfreie-bestellung-schwerbehinderte-nutzer\/#primaryimage"},"thumbnailUrl":"https:\/\/www.cib.de\/wp-content\/uploads\/2023\/04\/doXibox-doXicrate-free_01-01.svg","datePublished":"2023-04-25T07:29:39+00:00","dateModified":"2024-08-28T10:00:45+00:00","description":"Ofrecemos a las personas con discapacidades graves la posibilidad de obtener una licencia gratuita de CIB pdf brewer Business","breadcrumb":{"@id":"https:\/\/www.cib.de\/kostenfreie-bestellung-schwerbehinderte-nutzer\/#breadcrumb"},"inLanguage":"es","potentialAction":[{"@type":"ReadAction","target":["https:\/\/www.cib.de\/kostenfreie-bestellung-schwerbehinderte-nutzer\/"]}]},{"@type":"ImageObject","inLanguage":"es","@id":"https:\/\/www.cib.de\/kostenfreie-bestellung-schwerbehinderte-nutzer\/#primaryimage","url":"https:\/\/www.cib.de\/wp-content\/uploads\/2023\/04\/doXibox-doXicrate-free_01-01.svg","contentUrl":"https:\/\/www.cib.de\/wp-content\/uploads\/2023\/04\/doXibox-doXicrate-free_01-01.svg","width":708,"height":562},{"@type":"BreadcrumbList","@id":"https:\/\/www.cib.de\/kostenfreie-bestellung-schwerbehinderte-nutzer\/#breadcrumb","itemListElement":[{"@type":"ListItem","position":1,"name":"Home","item":"https:\/\/www.cib.de\/"},{"@type":"ListItem","position":2,"name":"Kostenfreie L\u00f6sungen f\u00fcr schwerbehinderte Menschen"}]},{"@type":"WebSite","@id":"https:\/\/www.cib.de\/#website","url":"https:\/\/www.cib.de\/","name":"CIB Group","description":"Digitalisierung, Prozessautomatisierung, K\u00fcnstliche Intelligenz","publisher":{"@id":"https:\/\/www.cib.de\/#organization"},"potentialAction":[{"@type":"SearchAction","target":{"@type":"EntryPoint","urlTemplate":"https:\/\/www.cib.de\/?s={search_term_string}"},"query-input":{"@type":"PropertyValueSpecification","valueRequired":true,"valueName":"search_term_string"}}],"inLanguage":"es"},{"@type":"Organization","@id":"https:\/\/www.cib.de\/#organization","name":"CIB Group","url":"https:\/\/www.cib.de\/","logo":{"@type":"ImageObject","inLanguage":"es","@id":"https:\/\/www.cib.de\/#\/schema\/logo\/image\/","url":"https:\/\/www.cib.de\/wp-content\/uploads\/2023\/10\/CIB_Logo_.svg","contentUrl":"https:\/\/www.cib.de\/wp-content\/uploads\/2023\/10\/CIB_Logo_.svg","width":283,"height":128,"caption":"CIB Group"},"image":{"@id":"https:\/\/www.cib.de\/#\/schema\/logo\/image\/"},"sameAs":["https:\/\/www.linkedin.com\/company\/cib\/"]}]}},"post_mailing_queue_ids":[],"_links":{"self":[{"href":"https:\/\/www.cib.de\/es\/wp-json\/wp\/v2\/pages\/83633","targetHints":{"allow":["GET"]}}],"collection":[{"href":"https:\/\/www.cib.de\/es\/wp-json\/wp\/v2\/pages"}],"about":[{"href":"https:\/\/www.cib.de\/es\/wp-json\/wp\/v2\/types\/page"}],"author":[{"embeddable":true,"href":"https:\/\/www.cib.de\/es\/wp-json\/wp\/v2\/users\/246"}],"replies":[{"embeddable":true,"href":"https:\/\/www.cib.de\/es\/wp-json\/wp\/v2\/comments?post=83633"}],"version-history":[{"count":227,"href":"https:\/\/www.cib.de\/es\/wp-json\/wp\/v2\/pages\/83633\/revisions"}],"predecessor-version":[{"id":118899,"href":"https:\/\/www.cib.de\/es\/wp-json\/wp\/v2\/pages\/83633\/revisions\/118899"}],"wp:featuredmedia":[{"embeddable":true,"href":"https:\/\/www.cib.de\/es\/wp-json\/wp\/v2\/media\/83786"}],"wp:attachment":[{"href":"https:\/\/www.cib.de\/es\/wp-json\/wp\/v2\/media?parent=83633"}],"wp:term":[{"taxonomy":"category","embeddable":true,"href":"https:\/\/www.cib.de\/es\/wp-json\/wp\/v2\/categories?post=83633"}],"curies":[{"name":"wp","href":"https:\/\/api.w.org\/{rel}","templated":true}]}}