{"id":123030,"date":"2025-01-13T09:02:12","date_gmt":"2025-01-13T08:02:12","guid":{"rendered":"https:\/\/www.cib.de\/?page_id=123030"},"modified":"2025-07-23T14:08:13","modified_gmt":"2025-07-23T12:08:13","slug":"politica-privacidade-cib-crowdsource","status":"publish","type":"page","link":"https:\/\/www.cib.de\/pt\/datenschutzerklaerung-cib-crowdsource\/","title":{"rendered":"Pol\u00edtica de Privacidade CIB crowdsource\u00a0\u00a0"},"content":{"rendered":"<div data-elementor-type=\"wp-page\" data-elementor-id=\"123030\" class=\"elementor elementor-123030\" data-elementor-post-type=\"page\">\n\t\t\t\t\t\t<section class=\"elementor-section elementor-top-section elementor-element elementor-element-6bfb4ab elementor-section-boxed elementor-section-height-default elementor-section-height-default\" data-id=\"6bfb4ab\" data-element_type=\"section\" data-e-type=\"section\" data-settings=\"{&quot;background_background&quot;:&quot;gradient&quot;}\">\n\t\t\t\t\t\t\t<div class=\"elementor-background-overlay\"><\/div>\n\t\t\t\t\t\t\t<div class=\"elementor-container elementor-column-gap-default\">\n\t\t\t\t\t<div class=\"elementor-column elementor-col-100 elementor-top-column elementor-element elementor-element-f0872f1\" data-id=\"f0872f1\" data-element_type=\"column\" data-e-type=\"column\" data-settings=\"{&quot;background_background&quot;:&quot;classic&quot;}\">\n\t\t\t<div class=\"elementor-widget-wrap elementor-element-populated\">\n\t\t\t\t\t\t<div class=\"elementor-element elementor-element-4d2803a elementor-widget elementor-widget-heading\" data-id=\"4d2803a\" data-element_type=\"widget\" data-e-type=\"widget\" data-widget_type=\"heading.default\">\n\t\t\t\t<div class=\"elementor-widget-container\">\n\t\t\t\t\t<h1 class=\"elementor-heading-title elementor-size-default\">Pol\u00edtica de Privacidade CIB crowdsource  <\/h1>\t\t\t\t<\/div>\n\t\t\t\t<\/div>\n\t\t\t\t\t<\/div>\n\t\t<\/div>\n\t\t\t\t\t<\/div>\n\t\t<\/section>\n\t\t\t\t<section class=\"elementor-section elementor-top-section elementor-element elementor-element-4560269 elementor-section-boxed elementor-section-height-default elementor-section-height-default\" data-id=\"4560269\" data-element_type=\"section\" data-e-type=\"section\">\n\t\t\t\t\t\t<div class=\"elementor-container elementor-column-gap-default\">\n\t\t\t\t\t<div class=\"elementor-column elementor-col-100 elementor-top-column elementor-element elementor-element-27e6604\" data-id=\"27e6604\" data-element_type=\"column\" data-e-type=\"column\">\n\t\t\t<div class=\"elementor-widget-wrap elementor-element-populated\">\n\t\t\t\t\t\t<div class=\"elementor-element elementor-element-a37d3b8 elementor-widget elementor-widget-text-editor\" data-id=\"a37d3b8\" data-element_type=\"widget\" data-e-type=\"widget\" data-widget_type=\"text-editor.default\">\n\t\t\t\t<div class=\"elementor-widget-container\">\n\t\t\t\t\t\t\t\t\t<p>Status 03.12.2024 - Na CIB, consideramos nossa responsabilidade proteger os seus dados e privacidade. Como empresa alem\u00e3 sediada em Munique, sempre estivemos sujeitos a uma das leis de prote\u00e7\u00e3o de dados mais rigorosas do mundo.<br \/>Utilizamos os mais elevados padr\u00f5es de seguran\u00e7a para o processamento e armazenamento dos dados. A CIB recolhe e utiliza os seus dados pessoais exclusivamente no \u00e2mbito das disposi\u00e7\u00f5es legais, em particular o Regulamento Geral sobre a Prote\u00e7\u00e3o de Dados (\u00abRGPD\u00bb) e a Lei Federal de Prote\u00e7\u00e3o de Dados (\u00abBDSG\u00bb). Com esta declara\u00e7\u00e3o de prote\u00e7\u00e3o de dados, gostar\u00edamos de inform\u00e1-lo sobre o tipo, o \u00e2mbito e as finalidades da recolha, utiliza\u00e7\u00e3o e processamento dos seus dados pessoais pela CIB quando utiliza a plataforma de crowdsourcing da CIB. A nossa plataforma de crowdsourcing oferece-lhe v\u00e1rias possibilidades para realizar tarefas destinadas a melhorar a IA. Dados pessoais s\u00e3o todos os dados com os quais pode ser identificado pessoalmente.<\/p>\t\t\t\t\t\t\t\t<\/div>\n\t\t\t\t<\/div>\n\t\t\t\t<div class=\"elementor-element elementor-element-c369552 elementor-widget elementor-widget-text-editor\" data-id=\"c369552\" data-element_type=\"widget\" data-e-type=\"widget\" data-widget_type=\"text-editor.default\">\n\t\t\t\t<div class=\"elementor-widget-container\">\n\t\t\t\t\t\t\t\t\t<p><strong>1. Nota sobre a entidade respons\u00e1vel\u00a0<\/strong><\/p><p>A entidade respons\u00e1vel pelo tratamento dos dados deste website \u00e9:<\/p><p>CIB software GmbH<br \/>Elektrastra\u00dfe 6a<br \/>D-81925 Munique<\/p><p>Telephone: +49 89 143 60 \u2013 0<br \/>Email: info@cib.de<\/p><p>A entidade respons\u00e1vel pelo tratamento \u00e9 a pessoa singular ou colectiva que, individualmente ou em conjunto com outras, determina as finalidades e os meios de tratamento de dados pessoais (por exemplo, nomes, endere\u00e7os de correio eletr\u00f3nico, etc.).<\/p>\t\t\t\t\t\t\t\t<\/div>\n\t\t\t\t<\/div>\n\t\t\t\t<div class=\"elementor-element elementor-element-d4bf50e elementor-widget elementor-widget-text-editor\" data-id=\"d4bf50e\" data-element_type=\"widget\" data-e-type=\"widget\" data-widget_type=\"text-editor.default\">\n\t\t\t\t<div class=\"elementor-widget-container\">\n\t\t\t\t\t\t\t\t\t<p><strong>2. Os seus direitos<\/strong><\/p><p>O utilizador tem os seguintes direitos em rela\u00e7\u00e3o ao tratamento dos seus dados pessoais:<\/p><ul><li>Direito de acesso (art. 15.\u00ba do RGPD),<\/li><li>Direito de retifica\u00e7\u00e3o ou apagamento (art. 16\u00ba e 17\u00ba do RGPD),<\/li><li>Direito \u00e0 limita\u00e7\u00e3o do tratamento (art. 18.\u00ba do RGPD),<\/li><li>Direito de oposi\u00e7\u00e3o ao tratamento (art. 21.\u00ba do RGPD),<\/li><li>Direito \u00e0 portabilidade dos dados (art. 20.\u00ba do RGPD),<\/li><li>Direito de retirar o consentimento dado (art. 7.\u00ba, par\u00e1grafo 3 do RGPD).<\/li><\/ul><p>Tamb\u00e9m tem o direito de apresentar queixa a uma autoridade supervisora de prote\u00e7\u00e3o de dados sobre o processamento dos seus dados pessoais por n\u00f3s.<\/p>\t\t\t\t\t\t\t\t<\/div>\n\t\t\t\t<\/div>\n\t\t\t\t<div class=\"elementor-element elementor-element-b49316f elementor-widget elementor-widget-text-editor\" data-id=\"b49316f\" data-element_type=\"widget\" data-e-type=\"widget\" data-widget_type=\"text-editor.default\">\n\t\t\t\t<div class=\"elementor-widget-container\">\n\t\t\t\t\t\t\t\t\t<p><strong>3. Respons\u00e1vel pela prote\u00e7\u00e3o de dados<\/strong><\/p><p><p><\/p><\/p><p>Respons\u00e1vel pela prote\u00e7\u00e3o de dados exigido por lei<\/p><p>Christian Hammerbacher<\/p><p>SPH IT+Consulting\u202fGmbH &amp; Co.\u202fKG<br \/>Bartholom\u00e4usstr. 26 (Haus D)<br \/>90489 Nuremberga<br \/>datenschutz@sph-consulting.de\u202f<\/p>\t\t\t\t\t\t\t\t<\/div>\n\t\t\t\t<\/div>\n\t\t\t\t<div class=\"elementor-element elementor-element-04def22 elementor-widget__width-initial elementor-widget elementor-widget-text-editor\" data-id=\"04def22\" data-element_type=\"widget\" data-e-type=\"widget\" data-widget_type=\"text-editor.default\">\n\t\t\t\t<div class=\"elementor-widget-container\">\n\t\t\t\t\t\t\t\t\t<p><strong>4. Data processing<\/strong><\/p><p><strong>a. Besuch von CIB crowdsource<\/strong><\/p><p>Quando visita o nosso website, apenas recolhemos os dados pessoais que o seu browser transmite ao nosso servidor. Se pretender visualizar o nosso website, recolhemos os seguintes dados, que s\u00e3o tecnicamente necess\u00e1rios para lhe apresentarmos o nosso website e para garantir a estabilidade e a seguran\u00e7a (a base jur\u00eddica \u00e9 o art. 6 p. 1 s 1 lit. f do RGPD<\/p><ul><li>Tipo e vers\u00e3o do browser<\/li><li>Sistema operativo utilizado<\/li><li>URL de refer\u00eancia<\/li><li>Nome do anfitri\u00e3o do computador de acesso<\/li><li>Hora da consulta do servidor<\/li><li>Endere\u00e7o IP<\/li><\/ul><p>Estas informa\u00e7\u00f5es s\u00e3o absolutamente necess\u00e1rias para a transmiss\u00e3o t\u00e9cnica da p\u00e1gina web e para o funcionamento seguro do servidor. N\u00e3o existe uma avalia\u00e7\u00e3o personalizada destes dados.<\/p><p>Para al\u00e9m dos dados acima mencionados, os cookies s\u00e3o armazenados no seu computador quando utiliza o nosso website.<\/p><p><strong>O que s\u00e3o cookies?<\/strong><\/p><p>Os cookies s\u00e3o pequenos ficheiros que s\u00e3o armazenados pelo browser no dispositivo final do utilizador para guardar determinadas informa\u00e7\u00f5es. Na pr\u00f3xima vez que o utilizador visitar o nosso website, o browser envia-nos o conte\u00fado dos cookies, pelo que, por exemplo, as defini\u00e7\u00f5es ou entradas anteriormente efetuadas pelo utilizador s\u00e3o automaticamente recriadas.<\/p><p><strong>Categorias de cookies utilizadas:<\/strong><\/p><p><strong>Cookies necess\u00e1rios<\/strong><\/p><p>Estes cookies s\u00e3o essenciais para o bom funcionamento do website. Esta categoria cont\u00e9m apenas cookies que garantem as fun\u00e7\u00f5es b\u00e1sicas e as carater\u00edsticas de seguran\u00e7a do website. Estes cookies s\u00e3o armazenados com base no art. 6 p 1 s 1 lit. f do G RGPD. O operador do website tem um interesse leg\u00edtimo no armazenamento de cookies para a presta\u00e7\u00e3o tecnicamente livre de erros e optimizada dos seus servi\u00e7os.<\/p><table style=\"border-collapse: collapse; width: 100%;\"><tbody><tr><td style=\"width: 33.3333%;\"><strong>Designa\u00e7\u00e3o <\/strong><\/td><td style=\"width: 33.3333%;\"><strong>Objetivo <\/strong><\/td><td style=\"width: 33.3333%;\"><strong>Tempo de execu\u00e7\u00e3o <\/strong><\/td><\/tr><tr><td style=\"width: 33.3333%;\">Google Tag Manager (_ga, _gid, __utm*)<\/td><td style=\"width: 33.3333%;\">\u2013 Verwaltung von Website-Tags<br \/>\u2013 Keine Daten gesammelt<\/td><td style=\"width: 33.3333%;\">Sess\u00e3o<\/td><\/tr><\/tbody><\/table><p><strong>Non-essential cookies<\/strong><\/p><p>Quaisquer cookies que n\u00e3o sejam necess\u00e1rios para o funcionamento do website e que sejam utilizados especificamente para recolher dados pessoais do utilizador atrav\u00e9s de an\u00e1lises, publicidade e outros conte\u00fados incorporados n\u00e3o s\u00e3o necess\u00e1rios para o bom funcionamento do website. No entanto, ajudam-nos a melhorar constantemente o nosso servi\u00e7o e a oferecer-lhe uma experi\u00eancia de utilizador \u00f3ptima. S\u00f3 utilizamos estes cookies se o utilizador tiver dado o seu consentimento expresso para a sua utiliza\u00e7\u00e3o.<\/p><p>A base legal para a utiliza\u00e7\u00e3o destes cookies \u00e9 o artigo 6.\u00ba, n.\u00ba 1, al\u00ednea a) do RGPD.<\/p><table style=\"border-collapse: collapse; width: 100%;\"><tbody><tr><td style=\"width: 33.3333%;\"><strong>Designa\u00e7\u00e3o <\/strong><\/td><td style=\"width: 33.3333%;\"><strong>Objetivo <\/strong><\/td><td style=\"width: 33.3333%;\"><strong>Tempo de execu\u00e7\u00e3o <\/strong><\/td><\/tr><tr><td style=\"width: 33.3333%;\">Google Analytics (_ga, _gid, __utm*)<\/td><td style=\"width: 33.3333%;\">IP-Address (anonymised)<br \/>Informa\u00e7\u00f5es sobre o browser (tipo de browser, p\u00e1ginas de refer\u00eancia\/sa\u00edda, ficheiros apresentados no nosso website, sistema operativo, carimbo de data\/hora e\/ou dados de clickstream)<br \/>Dados de utiliza\u00e7\u00e3o (visualiza\u00e7\u00f5es, cliques)<\/td><td style=\"width: 33.3333%;\">2 anos<\/td><\/tr><\/tbody><\/table><p><strong>b. Conta de utilizador<\/strong><\/p><p>Se desejar utilizar o CIB crowdsource, deve registar-se atrav\u00e9s do CIB doXisafe utilizando um endere\u00e7o de e-mail, um nome de utilizador livremente escolhido e uma palavra-passe da sua escolha. N\u00e3o \u00e9 necess\u00e1rio utilizar o seu nome verdadeiro; \u00e9 poss\u00edvel utilizar um pseud\u00f3nimo. Quando cria uma conta no CIB crowdsource, processamos os seguintes dados, que s\u00e3o tecnicamente necess\u00e1rios para lhe fornecer acesso \u00e0 plataforma. A base jur\u00eddica \u00e9 o Art. 6(1), frase 1, al\u00ednea (b) do RGPD:<\/p><ul><li>Nome de utilizador (se escolher o seu nome verdadeiro como nome de utilizador)<\/li><li>E-mail<\/li><\/ul><p>Os seus dados ser\u00e3o tratados de forma confidencial por n\u00f3s e eliminados se revogar os direitos de utiliza\u00e7\u00e3o da plataforma ou se os dados j\u00e1 n\u00e3o forem necess\u00e1rios para prestar os servi\u00e7os e n\u00e3o existirem obriga\u00e7\u00f5es legais de conserva\u00e7\u00e3o. Pode eliminar a sua conta CIB crowdsource. Para eliminar a sua conta, contacte cibsupport@cib.de.<\/p><p><strong>c. Tarea: manuscritos<\/strong><\/p><p>Uma tarefa serve para aprender caligrafia atrav\u00e9s da IA (CIB deepER). Para isso, o crowdsourcer deve escrever v\u00e1rios termos \u00e0 m\u00e3o digitalmente. Antes de enviar a caligrafia, deve concordar expressamente com o processamento da sua amostra de caligrafia. A base jur\u00eddica para o processamento \u00e9 o Art. 9, par\u00e1grafo 2 a do RGPD.<\/p><p>Los datos se tratan de forma confidencial y no se divulgan a terceros ajenos al CIB Group. Dentro del CIB Group, el acceso a las muestras de escritura manuscrita est\u00e1 restringido a un grupo limitado de personas especialmente formadas. Los datos solo se eliminar\u00e1n a petici\u00f3n del usuario, siempre que sea t\u00e9cnicamente posible.<\/p>\t\t\t\t\t\t\t\t<\/div>\n\t\t\t\t<\/div>\n\t\t\t\t\t<\/div>\n\t\t<\/div>\n\t\t\t\t\t<\/div>\n\t\t<\/section>\n\t\t\t\t<section class=\"elementor-section elementor-top-section elementor-element elementor-element-6802093 elementor-section-boxed elementor-section-height-default elementor-section-height-default\" data-id=\"6802093\" data-element_type=\"section\" data-e-type=\"section\" data-settings=\"{&quot;background_background&quot;:&quot;classic&quot;}\">\n\t\t\t\t\t\t\t<div class=\"elementor-background-overlay\"><\/div>\n\t\t\t\t\t\t\t<div class=\"elementor-container elementor-column-gap-default\">\n\t\t\t\t\t<div class=\"elementor-column elementor-col-100 elementor-top-column elementor-element elementor-element-de76a92\" data-id=\"de76a92\" data-element_type=\"column\" data-e-type=\"column\">\n\t\t\t<div class=\"elementor-widget-wrap elementor-element-populated\">\n\t\t\t\t\t\t<div class=\"elementor-element elementor-element-678101a elementor-widget elementor-widget-heading\" data-id=\"678101a\" data-element_type=\"widget\" data-e-type=\"widget\" data-widget_type=\"heading.default\">\n\t\t\t\t<div class=\"elementor-widget-container\">\n\t\t\t\t\t<h2 class=\"elementor-heading-title elementor-size-default\">CIB crowdsource - Alimentar a IA por uma boa causa!<\/h2>\t\t\t\t<\/div>\n\t\t\t\t<\/div>\n\t\t\t\t<section class=\"elementor-section elementor-inner-section elementor-element elementor-element-2f34272 elementor-section-full_width elementor-section-height-default elementor-section-height-default\" data-id=\"2f34272\" data-element_type=\"section\" data-e-type=\"section\">\n\t\t\t\t\t\t<div class=\"elementor-container elementor-column-gap-no\">\n\t\t\t\t\t<div class=\"elementor-column elementor-col-100 elementor-inner-column elementor-element elementor-element-4f5e180\" data-id=\"4f5e180\" data-element_type=\"column\" data-e-type=\"column\">\n\t\t\t<div class=\"elementor-widget-wrap elementor-element-populated\">\n\t\t\t\t\t\t<div class=\"elementor-element elementor-element-39d284b elementor-align-center elementor-mobile-align-center elementor-widget elementor-widget-button\" data-id=\"39d284b\" data-element_type=\"widget\" data-e-type=\"widget\" data-widget_type=\"button.default\">\n\t\t\t\t<div class=\"elementor-widget-container\">\n\t\t\t\t\t\t\t\t\t<div class=\"elementor-button-wrapper\">\n\t\t\t\t\t<a class=\"elementor-button elementor-button-link elementor-size-sm\" href=\"https:\/\/cibcrowdsource.com\/\" target=\"_blank\" id=\"doxiview-showcase-bottom\">\n\t\t\t\t\t\t<span class=\"elementor-button-content-wrapper\">\n\t\t\t\t\t\t<span class=\"elementor-button-icon\">\n\t\t\t\t<svg aria-hidden=\"true\" class=\"e-font-icon-svg e-fas-arrow-right\" viewbox=\"0 0 448 512\" xmlns=\"http:\/\/www.w3.org\/2000\/svg\"><path d=\"M190.5 66.9l22.2-22.2c9.4-9.4 24.6-9.4 33.9 0L441 239c9.4 9.4 9.4 24.6 0 33.9L246.6 467.3c-9.4 9.4-24.6 9.4-33.9 0l-22.2-22.2c-9.5-9.5-9.3-25 .4-34.3L311.4 296H24c-13.3 0-24-10.7-24-24v-32c0-13.3 10.7-24 24-24h287.4L190.9 101.2c-9.8-9.3-10-24.8-.4-34.3z\"><\/path><\/svg>\t\t\t<\/span>\n\t\t\t\t\t\t\t\t\t<span class=\"elementor-button-text\">Descubra a  CIB crowdsource<\/span>\n\t\t\t\t\t<\/span>\n\t\t\t\t\t<\/a>\n\t\t\t\t<\/div>\n\t\t\t\t\t\t\t\t<\/div>\n\t\t\t\t<\/div>\n\t\t\t\t\t<\/div>\n\t\t<\/div>\n\t\t\t\t\t<\/div>\n\t\t<\/section>\n\t\t\t\t\t<\/div>\n\t\t<\/div>\n\t\t\t\t\t<\/div>\n\t\t<\/section>\n\t\t\t\t<\/div>","protected":false},"excerpt":{"rendered":"<p>Datenschutzerkl\u00e4rung CIB crowdsource Stand 03.12.2024 \u2013 Bei CIB sehen wir es als unsere Verantwortung an, Ihre Daten und Privatsph\u00e4re zu sch\u00fctzen. Als deutsches Unternehmen mit Sitz in M\u00fcnchen unterliegen wir schon immer einem der strengsten Datenschutzgesetze der Welt.F\u00fcr die Verarbeitung und Speicherung der Daten nutzen wir die h\u00f6chsten Sicherheitsstandards. CIB erhebt und verwendet Ihre personenbezogenen &#8230; <a title=\"Pol\u00edtica de Privacidade CIB crowdsource\u00a0\u00a0\" class=\"read-more\" href=\"https:\/\/www.cib.de\/pt\/datenschutzerklaerung-cib-crowdsource\/\" aria-label=\"Leia mais sobre Datenschutzerkl\u00e4rung CIB crowdsource\u00a0\u00a0\">Ler mais<\/a><\/p>","protected":false},"author":246,"featured_media":0,"parent":0,"menu_order":0,"comment_status":"closed","ping_status":"closed","template":"","meta":{"_acf_changed":false,"footnotes":""},"categories":[2041],"class_list":{"0":"post-123030","1":"page","2":"type-page","3":"status-publish","5":"category-legal-p"},"acf":[],"yoast_head":"<!-- This site is optimized with the Yoast SEO plugin v27.4 - https:\/\/yoast.com\/product\/yoast-seo-wordpress\/ -->\n<title>Datenschutzerkl\u00e4rung CIB crowdsource\u00a0\u00a0<\/title>\n<meta name=\"robots\" content=\"index, follow, max-snippet:-1, max-image-preview:large, max-video-preview:-1\" \/>\n<link rel=\"canonical\" href=\"https:\/\/www.cib.de\/pt\/politica-privacidade-cib-crowdsource\/\" \/>\n<meta property=\"og:locale\" content=\"pt_PT\" \/>\n<meta property=\"og:type\" content=\"article\" \/>\n<meta property=\"og:title\" content=\"Datenschutzerkl\u00e4rung CIB crowdsource\u00a0\u00a0\" \/>\n<meta property=\"og:description\" content=\"Datenschutzerkl\u00e4rung CIB crowdsource Stand 03.12.2024 \u2013 Bei CIB sehen wir es als unsere Verantwortung an, Ihre Daten und Privatsph\u00e4re zu sch\u00fctzen. Als deutsches Unternehmen mit Sitz in M\u00fcnchen unterliegen wir schon immer einem der strengsten Datenschutzgesetze der Welt.F\u00fcr die Verarbeitung und Speicherung der Daten nutzen wir die h\u00f6chsten Sicherheitsstandards. CIB erhebt und verwendet Ihre personenbezogenen ... Ler mais\" \/>\n<meta property=\"og:url\" content=\"https:\/\/www.cib.de\/pt\/politica-privacidade-cib-crowdsource\/\" \/>\n<meta property=\"og:site_name\" content=\"CIB Group\" \/>\n<meta property=\"article:publisher\" content=\"https:\/\/www.linkedin.com\/company\/cib\/\" \/>\n<meta property=\"article:modified_time\" content=\"2025-07-23T12:08:13+00:00\" \/>\n<meta name=\"twitter:card\" content=\"summary_large_image\" \/>\n<meta name=\"twitter:label1\" content=\"Tempo estimado de leitura\" \/>\n\t<meta name=\"twitter:data1\" content=\"4 minutos\" \/>\n<script type=\"application\/ld+json\" class=\"yoast-schema-graph\">{\"@context\":\"https:\\\/\\\/schema.org\",\"@graph\":[{\"@type\":\"WebPage\",\"@id\":\"https:\\\/\\\/www.cib.de\\\/datenschutzerklaerung-cib-crowdsource\\\/\",\"url\":\"https:\\\/\\\/www.cib.de\\\/datenschutzerklaerung-cib-crowdsource\\\/\",\"name\":\"Datenschutzerkl\u00e4rung CIB crowdsource\u00a0\u00a0\",\"isPartOf\":{\"@id\":\"https:\\\/\\\/www.cib.de\\\/#website\"},\"datePublished\":\"2025-01-13T08:02:12+00:00\",\"dateModified\":\"2025-07-23T12:08:13+00:00\",\"breadcrumb\":{\"@id\":\"https:\\\/\\\/www.cib.de\\\/datenschutzerklaerung-cib-crowdsource\\\/#breadcrumb\"},\"inLanguage\":\"pt-PT\",\"potentialAction\":[{\"@type\":\"ReadAction\",\"target\":[\"https:\\\/\\\/www.cib.de\\\/datenschutzerklaerung-cib-crowdsource\\\/\"]}]},{\"@type\":\"BreadcrumbList\",\"@id\":\"https:\\\/\\\/www.cib.de\\\/datenschutzerklaerung-cib-crowdsource\\\/#breadcrumb\",\"itemListElement\":[{\"@type\":\"ListItem\",\"position\":1,\"name\":\"Home\",\"item\":\"https:\\\/\\\/www.cib.de\\\/\"},{\"@type\":\"ListItem\",\"position\":2,\"name\":\"Datenschutzerkl\u00e4rung CIB crowdsource\u00a0\u00a0\"}]},{\"@type\":\"WebSite\",\"@id\":\"https:\\\/\\\/www.cib.de\\\/#website\",\"url\":\"https:\\\/\\\/www.cib.de\\\/\",\"name\":\"CIB Group\",\"description\":\"Digitalisierung, Prozessautomatisierung, K\u00fcnstliche Intelligenz\",\"publisher\":{\"@id\":\"https:\\\/\\\/www.cib.de\\\/#organization\"},\"potentialAction\":[{\"@type\":\"SearchAction\",\"target\":{\"@type\":\"EntryPoint\",\"urlTemplate\":\"https:\\\/\\\/www.cib.de\\\/?s={search_term_string}\"},\"query-input\":{\"@type\":\"PropertyValueSpecification\",\"valueRequired\":true,\"valueName\":\"search_term_string\"}}],\"inLanguage\":\"pt-PT\"},{\"@type\":\"Organization\",\"@id\":\"https:\\\/\\\/www.cib.de\\\/#organization\",\"name\":\"CIB Group\",\"url\":\"https:\\\/\\\/www.cib.de\\\/\",\"logo\":{\"@type\":\"ImageObject\",\"inLanguage\":\"pt-PT\",\"@id\":\"https:\\\/\\\/www.cib.de\\\/#\\\/schema\\\/logo\\\/image\\\/\",\"url\":\"https:\\\/\\\/www.cib.de\\\/wp-content\\\/uploads\\\/2023\\\/10\\\/CIB_Logo_.svg\",\"contentUrl\":\"https:\\\/\\\/www.cib.de\\\/wp-content\\\/uploads\\\/2023\\\/10\\\/CIB_Logo_.svg\",\"width\":283,\"height\":128,\"caption\":\"CIB Group\"},\"image\":{\"@id\":\"https:\\\/\\\/www.cib.de\\\/#\\\/schema\\\/logo\\\/image\\\/\"},\"sameAs\":[\"https:\\\/\\\/www.linkedin.com\\\/company\\\/cib\\\/\"]}]}<\/script>\n<!-- \/ Yoast SEO plugin. -->","yoast_head_json":{"title":"Pol\u00edtica de Privacidade CIB crowdsource\u00a0\u00a0","robots":{"index":"index","follow":"follow","max-snippet":"max-snippet:-1","max-image-preview":"max-image-preview:large","max-video-preview":"max-video-preview:-1"},"canonical":"https:\/\/www.cib.de\/pt\/politica-privacidade-cib-crowdsource\/","og_locale":"pt_PT","og_type":"article","og_title":"Datenschutzerkl\u00e4rung CIB crowdsource\u00a0\u00a0","og_description":"Datenschutzerkl\u00e4rung CIB crowdsource Stand 03.12.2024 \u2013 Bei CIB sehen wir es als unsere Verantwortung an, Ihre Daten und Privatsph\u00e4re zu sch\u00fctzen. Als deutsches Unternehmen mit Sitz in M\u00fcnchen unterliegen wir schon immer einem der strengsten Datenschutzgesetze der Welt.F\u00fcr die Verarbeitung und Speicherung der Daten nutzen wir die h\u00f6chsten Sicherheitsstandards. CIB erhebt und verwendet Ihre personenbezogenen ... Ler mais","og_url":"https:\/\/www.cib.de\/pt\/politica-privacidade-cib-crowdsource\/","og_site_name":"CIB Group","article_publisher":"https:\/\/www.linkedin.com\/company\/cib\/","article_modified_time":"2025-07-23T12:08:13+00:00","twitter_card":"summary_large_image","twitter_misc":{"Tempo estimado de leitura":"4 minutos"},"schema":{"@context":"https:\/\/schema.org","@graph":[{"@type":"WebPage","@id":"https:\/\/www.cib.de\/datenschutzerklaerung-cib-crowdsource\/","url":"https:\/\/www.cib.de\/datenschutzerklaerung-cib-crowdsource\/","name":"Pol\u00edtica de Privacidade CIB crowdsource\u00a0\u00a0","isPartOf":{"@id":"https:\/\/www.cib.de\/#website"},"datePublished":"2025-01-13T08:02:12+00:00","dateModified":"2025-07-23T12:08:13+00:00","breadcrumb":{"@id":"https:\/\/www.cib.de\/datenschutzerklaerung-cib-crowdsource\/#breadcrumb"},"inLanguage":"pt-PT","potentialAction":[{"@type":"ReadAction","target":["https:\/\/www.cib.de\/datenschutzerklaerung-cib-crowdsource\/"]}]},{"@type":"BreadcrumbList","@id":"https:\/\/www.cib.de\/datenschutzerklaerung-cib-crowdsource\/#breadcrumb","itemListElement":[{"@type":"ListItem","position":1,"name":"Home","item":"https:\/\/www.cib.de\/"},{"@type":"ListItem","position":2,"name":"Datenschutzerkl\u00e4rung CIB crowdsource\u00a0\u00a0"}]},{"@type":"WebSite","@id":"https:\/\/www.cib.de\/#website","url":"https:\/\/www.cib.de\/","name":"CIB Group","description":"Digitalisierung, Prozessautomatisierung, K\u00fcnstliche Intelligenz","publisher":{"@id":"https:\/\/www.cib.de\/#organization"},"potentialAction":[{"@type":"SearchAction","target":{"@type":"EntryPoint","urlTemplate":"https:\/\/www.cib.de\/?s={search_term_string}"},"query-input":{"@type":"PropertyValueSpecification","valueRequired":true,"valueName":"search_term_string"}}],"inLanguage":"pt-PT"},{"@type":"Organization","@id":"https:\/\/www.cib.de\/#organization","name":"CIB Group","url":"https:\/\/www.cib.de\/","logo":{"@type":"ImageObject","inLanguage":"pt-PT","@id":"https:\/\/www.cib.de\/#\/schema\/logo\/image\/","url":"https:\/\/www.cib.de\/wp-content\/uploads\/2023\/10\/CIB_Logo_.svg","contentUrl":"https:\/\/www.cib.de\/wp-content\/uploads\/2023\/10\/CIB_Logo_.svg","width":283,"height":128,"caption":"CIB Group"},"image":{"@id":"https:\/\/www.cib.de\/#\/schema\/logo\/image\/"},"sameAs":["https:\/\/www.linkedin.com\/company\/cib\/"]}]}},"post_mailing_queue_ids":[],"_links":{"self":[{"href":"https:\/\/www.cib.de\/pt\/wp-json\/wp\/v2\/pages\/123030","targetHints":{"allow":["GET"]}}],"collection":[{"href":"https:\/\/www.cib.de\/pt\/wp-json\/wp\/v2\/pages"}],"about":[{"href":"https:\/\/www.cib.de\/pt\/wp-json\/wp\/v2\/types\/page"}],"author":[{"embeddable":true,"href":"https:\/\/www.cib.de\/pt\/wp-json\/wp\/v2\/users\/246"}],"replies":[{"embeddable":true,"href":"https:\/\/www.cib.de\/pt\/wp-json\/wp\/v2\/comments?post=123030"}],"version-history":[{"count":20,"href":"https:\/\/www.cib.de\/pt\/wp-json\/wp\/v2\/pages\/123030\/revisions"}],"predecessor-version":[{"id":128474,"href":"https:\/\/www.cib.de\/pt\/wp-json\/wp\/v2\/pages\/123030\/revisions\/128474"}],"wp:attachment":[{"href":"https:\/\/www.cib.de\/pt\/wp-json\/wp\/v2\/media?parent=123030"}],"wp:term":[{"taxonomy":"category","embeddable":true,"href":"https:\/\/www.cib.de\/pt\/wp-json\/wp\/v2\/categories?post=123030"}],"curies":[{"name":"wp","href":"https:\/\/api.w.org\/{rel}","templated":true}]}}