{"id":135203,"date":"2026-04-07T11:47:39","date_gmt":"2026-04-07T09:47:39","guid":{"rendered":"https:\/\/www.cib.de\/?page_id=135203"},"modified":"2026-04-20T13:30:07","modified_gmt":"2026-04-20T11:30:07","slug":"compliance","status":"publish","type":"page","link":"https:\/\/www.cib.de\/pt\/compliance\/","title":{"rendered":"Compliance"},"content":{"rendered":"<div data-elementor-type=\"wp-page\" data-elementor-id=\"135203\" class=\"elementor elementor-135203\" data-elementor-post-type=\"page\">\n\t\t\t\t\t\t<section class=\"elementor-section elementor-top-section elementor-element elementor-element-2cbc9e0 elementor-section-boxed elementor-section-height-default elementor-section-height-default\" data-id=\"2cbc9e0\" data-element_type=\"section\" data-e-type=\"section\" data-settings=\"{&quot;background_background&quot;:&quot;gradient&quot;}\">\n\t\t\t\t\t\t\t<div class=\"elementor-background-overlay\"><\/div>\n\t\t\t\t\t\t\t<div class=\"elementor-container elementor-column-gap-default\">\n\t\t\t\t\t<div class=\"elementor-column elementor-col-100 elementor-top-column elementor-element elementor-element-e82da18\" data-id=\"e82da18\" data-element_type=\"column\" data-e-type=\"column\" data-settings=\"{&quot;background_background&quot;:&quot;classic&quot;}\">\n\t\t\t<div class=\"elementor-widget-wrap elementor-element-populated\">\n\t\t\t\t\t\t<div class=\"elementor-element elementor-element-5a5a4d4 elementor-widget elementor-widget-heading\" data-id=\"5a5a4d4\" data-element_type=\"widget\" data-e-type=\"widget\" data-widget_type=\"heading.default\">\n\t\t\t\t<div class=\"elementor-widget-container\">\n\t\t\t\t\t<h1 class=\"elementor-heading-title elementor-size-default\">Compliance<\/h1>\t\t\t\t<\/div>\n\t\t\t\t<\/div>\n\t\t\t\t\t<\/div>\n\t\t<\/div>\n\t\t\t\t\t<\/div>\n\t\t<\/section>\n\t\t\t\t<section class=\"elementor-section elementor-top-section elementor-element elementor-element-40690c1 elementor-section-boxed elementor-section-height-default elementor-section-height-default\" data-id=\"40690c1\" data-element_type=\"section\" data-e-type=\"section\">\n\t\t\t\t\t\t<div class=\"elementor-container elementor-column-gap-default\">\n\t\t\t\t\t<div class=\"elementor-column elementor-col-50 elementor-top-column elementor-element elementor-element-47c7344\" data-id=\"47c7344\" data-element_type=\"column\" data-e-type=\"column\">\n\t\t\t<div class=\"elementor-widget-wrap elementor-element-populated\">\n\t\t\t\t\t\t<div class=\"elementor-element elementor-element-4306b17 elementor-widget elementor-widget-image\" data-id=\"4306b17\" data-element_type=\"widget\" data-e-type=\"widget\" data-widget_type=\"image.default\">\n\t\t\t\t<div class=\"elementor-widget-container\">\n\t\t\t\t\t\t\t\t\t\t\t\t\t\t\t<img fetchpriority=\"high\" decoding=\"async\" width=\"921\" height=\"468\" src=\"https:\/\/www.cib.de\/wp-content\/uploads\/2026\/03\/ISOIE-C27007_compleate-black.png\" class=\"attachment-large size-large wp-image-135200\" alt=\"\" srcset=\"https:\/\/www.cib.de\/wp-content\/uploads\/2026\/03\/ISOIE-C27007_compleate-black.png 921w, https:\/\/www.cib.de\/wp-content\/uploads\/2026\/03\/ISOIE-C27007_compleate-black-475x241.png 475w, https:\/\/www.cib.de\/wp-content\/uploads\/2026\/03\/ISOIE-C27007_compleate-black-768x390.png 768w, https:\/\/www.cib.de\/wp-content\/uploads\/2026\/03\/ISOIE-C27007_compleate-black-18x9.png 18w\" sizes=\"(max-width: 921px) 100vw, 921px\" \/>\t\t\t\t\t\t\t\t\t\t\t\t\t\t\t<\/div>\n\t\t\t\t<\/div>\n\t\t\t\t\t<\/div>\n\t\t<\/div>\n\t\t\t\t<div class=\"elementor-column elementor-col-50 elementor-top-column elementor-element elementor-element-8a204bb\" data-id=\"8a204bb\" data-element_type=\"column\" data-e-type=\"column\">\n\t\t\t<div class=\"elementor-widget-wrap elementor-element-populated\">\n\t\t\t\t\t\t<div class=\"elementor-element elementor-element-6929820 elementor-widget elementor-widget-heading\" data-id=\"6929820\" data-element_type=\"widget\" data-e-type=\"widget\" data-widget_type=\"heading.default\">\n\t\t\t\t<div class=\"elementor-widget-container\">\n\t\t\t\t\t<h2 class=\"elementor-heading-title elementor-size-default\">A prote\u00e7\u00e3o de dados e a seguran\u00e7a da informa\u00e7\u00e3o como prioridade <\/h2>\t\t\t\t<\/div>\n\t\t\t\t<\/div>\n\t\t\t\t<div class=\"elementor-element elementor-element-763ffd9 elementor-widget elementor-widget-text-editor\" data-id=\"763ffd9\" data-element_type=\"widget\" data-e-type=\"widget\" data-widget_type=\"text-editor.default\">\n\t\t\t\t<div class=\"elementor-widget-container\">\n\t\t\t\t\t\t\t\t\t<p class=\"translation-block\">A CIB software GmbH est\u00e1 oficialmente certificada pela <a href=\"https:\/\/www.bsigroup.com\/\" target=\"_self\">British Standards Institution<\/a> de acordo com a norma <strong>ISO\/IEC 27001<\/strong>. A certifica\u00e7\u00e3o refor\u00e7a o nosso elevado compromisso com os nossos padr\u00f5es de seguran\u00e7a.<\/p><p>Esta norma reconhecida internacionalmente define os requisitos para a cria\u00e7\u00e3o, implementa\u00e7\u00e3o e melhoria cont\u00ednua de um sistema de gest\u00e3o estruturado para a seguran\u00e7a da informa\u00e7\u00e3o.\u00a0<\/p>\t\t\t\t\t\t\t\t<\/div>\n\t\t\t\t<\/div>\n\t\t\t\t<div class=\"elementor-element elementor-element-83f07ca elementor-widget elementor-widget-button\" data-id=\"83f07ca\" data-element_type=\"widget\" data-e-type=\"widget\" data-widget_type=\"button.default\">\n\t\t\t\t<div class=\"elementor-widget-container\">\n\t\t\t\t\t\t\t\t\t<div class=\"elementor-button-wrapper\">\n\t\t\t\t\t<a class=\"elementor-button elementor-button-link elementor-size-sm\" href=\"https:\/\/www.doxisafe.com\/#\/retrieve\/ISO-IEC-27001\" target=\"_blank\">\n\t\t\t\t\t\t<span class=\"elementor-button-content-wrapper\">\n\t\t\t\t\t\t<span class=\"elementor-button-icon\">\n\t\t\t\t<svg aria-hidden=\"true\" class=\"e-font-icon-svg e-fas-arrow-down\" viewbox=\"0 0 448 512\" xmlns=\"http:\/\/www.w3.org\/2000\/svg\"><path d=\"M413.1 222.5l22.2 22.2c9.4 9.4 9.4 24.6 0 33.9L241 473c-9.4 9.4-24.6 9.4-33.9 0L12.7 278.6c-9.4-9.4-9.4-24.6 0-33.9l22.2-22.2c9.5-9.5 25-9.3 34.3.4L184 343.4V56c0-13.3 10.7-24 24-24h32c13.3 0 24 10.7 24 24v287.4l114.8-120.5c9.3-9.8 24.8-10 34.3-.4z\"><\/path><\/svg>\t\t\t<\/span>\n\t\t\t\t\t\t\t\t\t<span class=\"elementor-button-text\">Descarregar certificado (PDF)<\/span>\n\t\t\t\t\t<\/span>\n\t\t\t\t\t<\/a>\n\t\t\t\t<\/div>\n\t\t\t\t\t\t\t\t<\/div>\n\t\t\t\t<\/div>\n\t\t\t\t\t<\/div>\n\t\t<\/div>\n\t\t\t\t\t<\/div>\n\t\t<\/section>\n\t\t\t\t<section class=\"elementor-section elementor-top-section elementor-element elementor-element-d21b0be elementor-section-boxed elementor-section-height-default elementor-section-height-default\" data-id=\"d21b0be\" data-element_type=\"section\" data-e-type=\"section\" data-settings=\"{&quot;background_background&quot;:&quot;classic&quot;}\">\n\t\t\t\t\t\t<div class=\"elementor-container elementor-column-gap-default\">\n\t\t\t\t\t<div class=\"elementor-column elementor-col-50 elementor-top-column elementor-element elementor-element-a5d92f9\" data-id=\"a5d92f9\" data-element_type=\"column\" data-e-type=\"column\">\n\t\t\t<div class=\"elementor-widget-wrap elementor-element-populated\">\n\t\t\t\t\t\t<div class=\"elementor-element elementor-element-e4c5404 elementor-widget elementor-widget-heading\" data-id=\"e4c5404\" data-element_type=\"widget\" data-e-type=\"widget\" data-widget_type=\"heading.default\">\n\t\t\t\t<div class=\"elementor-widget-container\">\n\t\t\t\t\t<h2 class=\"elementor-heading-title elementor-size-default\">Avalia\u00e7\u00e3o TISAX\u00ae para a seguran\u00e7a da informa\u00e7\u00e3o<\/h2>\t\t\t\t<\/div>\n\t\t\t\t<\/div>\n\t\t\t\t<div class=\"elementor-element elementor-element-a72448d elementor-widget elementor-widget-text-editor\" data-id=\"a72448d\" data-element_type=\"widget\" data-e-type=\"widget\" data-widget_type=\"text-editor.default\">\n\t\t\t\t<div class=\"elementor-widget-container\">\n\t\t\t\t\t\t\t\t\t<p class=\"translation-block\">Desde 2024, dispomos de um <strong>resultado da avalia\u00e7\u00e3o TISAX\u00ae (certifica\u00e7\u00e3o), <\/strong>que pode ser consultado na <u><a href=\"https:\/\/enx.com\/de-de\/TISAX\/\" target=\"_blank\" rel=\"noopener\">plataforma ENX<\/a><\/u> por clientes e parceiros autorizados do setor autom\u00f3vel. <br>O TISAX\u00ae baseia-se nos requisitos da norma ISO\/IEC 27001 e complementa-os com aspetos espec\u00edficos do setor. Assim, o nosso SGSI (Sistema de Gest\u00e3o de Seguran\u00e7a da Informa\u00e7\u00e3o) j\u00e1 estabelecido constitui a base central para a avalia\u00e7\u00e3o TISAX.<\/p>\t\t\t\t\t\t\t\t<\/div>\n\t\t\t\t<\/div>\n\t\t\t\t\t<\/div>\n\t\t<\/div>\n\t\t\t\t<div class=\"elementor-column elementor-col-50 elementor-top-column elementor-element elementor-element-0f24462\" data-id=\"0f24462\" data-element_type=\"column\" data-e-type=\"column\">\n\t\t\t<div class=\"elementor-widget-wrap elementor-element-populated\">\n\t\t\t\t\t\t<div class=\"elementor-element elementor-element-e66e16e elementor-widget elementor-widget-image\" data-id=\"e66e16e\" data-element_type=\"widget\" data-e-type=\"widget\" data-widget_type=\"image.default\">\n\t\t\t\t<div class=\"elementor-widget-container\">\n\t\t\t\t\t\t\t\t\t\t\t\t\t\t\t\t<a href=\"https:\/\/enx.com\/de-de\/TISAX\/\" target=\"_blank\">\n\t\t\t\t\t\t\t<img decoding=\"async\" width=\"1000\" height=\"570\" src=\"https:\/\/www.cib.de\/wp-content\/uploads\/2026\/03\/cuadrado-tisax-e1774958372572.png\" class=\"attachment-large size-large wp-image-135288\" alt=\"\" srcset=\"https:\/\/www.cib.de\/wp-content\/uploads\/2026\/03\/cuadrado-tisax-e1774958372572.png 1000w, https:\/\/www.cib.de\/wp-content\/uploads\/2026\/03\/cuadrado-tisax-e1774958372572-475x271.png 475w, https:\/\/www.cib.de\/wp-content\/uploads\/2026\/03\/cuadrado-tisax-e1774958372572-768x438.png 768w, https:\/\/www.cib.de\/wp-content\/uploads\/2026\/03\/cuadrado-tisax-e1774958372572-18x10.png 18w\" sizes=\"(max-width: 1000px) 100vw, 1000px\" \/>\t\t\t\t\t\t\t\t<\/a>\n\t\t\t\t\t\t\t\t\t\t\t\t\t\t\t<\/div>\n\t\t\t\t<\/div>\n\t\t\t\t\t<\/div>\n\t\t<\/div>\n\t\t\t\t\t<\/div>\n\t\t<\/section>\n\t\t\t\t<section class=\"elementor-section elementor-top-section elementor-element elementor-element-b0d4e14 elementor-section-boxed elementor-section-height-default elementor-section-height-default\" data-id=\"b0d4e14\" data-element_type=\"section\" data-e-type=\"section\" data-settings=\"{&quot;background_background&quot;:&quot;classic&quot;}\">\n\t\t\t\t\t\t\t<div class=\"elementor-background-overlay\"><\/div>\n\t\t\t\t\t\t\t<div class=\"elementor-container elementor-column-gap-default\">\n\t\t\t\t\t<div class=\"elementor-column elementor-col-100 elementor-top-column elementor-element elementor-element-ad6a689\" data-id=\"ad6a689\" data-element_type=\"column\" data-e-type=\"column\">\n\t\t\t<div class=\"elementor-widget-wrap elementor-element-populated\">\n\t\t\t\t\t\t<div class=\"elementor-element elementor-element-2ac3b05 elementor-widget elementor-widget-heading\" data-id=\"2ac3b05\" data-element_type=\"widget\" data-e-type=\"widget\" data-widget_type=\"heading.default\">\n\t\t\t\t<div class=\"elementor-widget-container\">\n\t\t\t\t\t<h2 class=\"elementor-heading-title elementor-size-default\">Aconselhamos sobre cen\u00e1rios de aplica\u00e7\u00e3o, requisitos regulamentares e possibilidades concretas de implementa\u00e7\u00e3o na sua organiza\u00e7\u00e3o.<\/h2>\t\t\t\t<\/div>\n\t\t\t\t<\/div>\n\t\t\t\t<div class=\"elementor-element elementor-element-3a95627 elementor-align-center elementor-widget__width-auto elementor-widget elementor-widget-button\" data-id=\"3a95627\" data-element_type=\"widget\" data-e-type=\"widget\" data-widget_type=\"button.default\">\n\t\t\t\t<div class=\"elementor-widget-container\">\n\t\t\t\t\t\t\t\t\t<div class=\"elementor-button-wrapper\">\n\t\t\t\t\t<a class=\"elementor-button elementor-button-link elementor-size-sm\" href=\"\/pt\/certificacao-iso-27001-cib-software\/\">\n\t\t\t\t\t\t<span class=\"elementor-button-content-wrapper\">\n\t\t\t\t\t\t\t\t\t<span class=\"elementor-button-text\">Para o artigo do blog<\/span>\n\t\t\t\t\t<\/span>\n\t\t\t\t\t<\/a>\n\t\t\t\t<\/div>\n\t\t\t\t\t\t\t\t<\/div>\n\t\t\t\t<\/div>\n\t\t\t\t\t<\/div>\n\t\t<\/div>\n\t\t\t\t\t<\/div>\n\t\t<\/section>\n\t\t\t\t<\/div>","protected":false},"excerpt":{"rendered":"<p>Compliance Datenschutz und Informationssicherheit als Priorit\u00e4t Die CIB software GmbH ist von der British Standards Institution offiziell gem\u00e4\u00df ISO\/IEC 27001 zertifiziert. Die Zertifizierung unterstreicht unseren hohen Anspruch an unsere Sicherheitsstandards. Diese international anerkannte Norm definiert Anforderungen an den Aufbau, die Umsetzung und die kontinuierliche Verbesserung eines strukturierten Managementsystems f\u00fcr Informationssicherheit.\u00a0 Zertifikat herunterladen (PDF) TISAX\u00ae-Assessment f\u00fcr &#8230; <a title=\"Compliance\" class=\"read-more\" href=\"https:\/\/www.cib.de\/pt\/compliance\/\" aria-label=\"Leia mais sobre Compliance\">Ler mais<\/a><\/p>","protected":false},"author":240,"featured_media":135200,"parent":0,"menu_order":0,"comment_status":"closed","ping_status":"closed","template":"elementor_header_footer","meta":{"_acf_changed":false,"footnotes":""},"categories":[],"class_list":["post-135203","page","type-page","status-publish","has-post-thumbnail"],"acf":[],"yoast_head":"<!-- This site is optimized with the Yoast SEO plugin v27.4 - https:\/\/yoast.com\/product\/yoast-seo-wordpress\/ -->\n<title>Compliance - CIB Group<\/title>\n<meta name=\"robots\" content=\"index, follow, max-snippet:-1, max-image-preview:large, max-video-preview:-1\" \/>\n<link rel=\"canonical\" href=\"https:\/\/www.cib.de\/pt\/compliance\/\" \/>\n<meta property=\"og:locale\" content=\"pt_PT\" \/>\n<meta property=\"og:type\" content=\"article\" \/>\n<meta property=\"og:title\" content=\"Compliance - CIB Group\" \/>\n<meta property=\"og:description\" content=\"Compliance Datenschutz und Informationssicherheit als Priorit\u00e4t Die CIB software GmbH ist von der British Standards Institution offiziell gem\u00e4\u00df ISO\/IEC 27001 zertifiziert. Die Zertifizierung unterstreicht unseren hohen Anspruch an unsere Sicherheitsstandards. Diese international anerkannte Norm definiert Anforderungen an den Aufbau, die Umsetzung und die kontinuierliche Verbesserung eines strukturierten Managementsystems f\u00fcr Informationssicherheit.\u00a0 Zertifikat herunterladen (PDF) TISAX\u00ae-Assessment f\u00fcr ... Ler mais\" \/>\n<meta property=\"og:url\" content=\"https:\/\/www.cib.de\/pt\/compliance\/\" \/>\n<meta property=\"og:site_name\" content=\"CIB Group\" \/>\n<meta property=\"article:publisher\" content=\"https:\/\/www.linkedin.com\/company\/cib\/\" \/>\n<meta property=\"article:modified_time\" content=\"2026-04-20T11:30:07+00:00\" \/>\n<meta property=\"og:image\" content=\"https:\/\/www.cib.de\/wp-content\/uploads\/2026\/03\/ISOIE-C27007_compleate-black.png\" \/>\n\t<meta property=\"og:image:width\" content=\"921\" \/>\n\t<meta property=\"og:image:height\" content=\"468\" \/>\n\t<meta property=\"og:image:type\" content=\"image\/png\" \/>\n<meta name=\"twitter:card\" content=\"summary_large_image\" \/>\n<meta name=\"twitter:label1\" content=\"Tempo estimado de leitura\" \/>\n\t<meta name=\"twitter:data1\" content=\"1 minuto\" \/>\n<script type=\"application\/ld+json\" class=\"yoast-schema-graph\">{\"@context\":\"https:\\\/\\\/schema.org\",\"@graph\":[{\"@type\":\"WebPage\",\"@id\":\"https:\\\/\\\/www.cib.de\\\/compliance\\\/\",\"url\":\"https:\\\/\\\/www.cib.de\\\/compliance\\\/\",\"name\":\"Compliance - CIB Group\",\"isPartOf\":{\"@id\":\"https:\\\/\\\/www.cib.de\\\/#website\"},\"primaryImageOfPage\":{\"@id\":\"https:\\\/\\\/www.cib.de\\\/compliance\\\/#primaryimage\"},\"image\":{\"@id\":\"https:\\\/\\\/www.cib.de\\\/compliance\\\/#primaryimage\"},\"thumbnailUrl\":\"https:\\\/\\\/www.cib.de\\\/wp-content\\\/uploads\\\/2026\\\/03\\\/ISOIE-C27007_compleate-black.png\",\"datePublished\":\"2026-04-07T09:47:39+00:00\",\"dateModified\":\"2026-04-20T11:30:07+00:00\",\"breadcrumb\":{\"@id\":\"https:\\\/\\\/www.cib.de\\\/compliance\\\/#breadcrumb\"},\"inLanguage\":\"pt-PT\",\"potentialAction\":[{\"@type\":\"ReadAction\",\"target\":[\"https:\\\/\\\/www.cib.de\\\/compliance\\\/\"]}]},{\"@type\":\"ImageObject\",\"inLanguage\":\"pt-PT\",\"@id\":\"https:\\\/\\\/www.cib.de\\\/compliance\\\/#primaryimage\",\"url\":\"https:\\\/\\\/www.cib.de\\\/wp-content\\\/uploads\\\/2026\\\/03\\\/ISOIE-C27007_compleate-black.png\",\"contentUrl\":\"https:\\\/\\\/www.cib.de\\\/wp-content\\\/uploads\\\/2026\\\/03\\\/ISOIE-C27007_compleate-black.png\",\"width\":921,\"height\":468},{\"@type\":\"BreadcrumbList\",\"@id\":\"https:\\\/\\\/www.cib.de\\\/compliance\\\/#breadcrumb\",\"itemListElement\":[{\"@type\":\"ListItem\",\"position\":1,\"name\":\"Home\",\"item\":\"https:\\\/\\\/www.cib.de\\\/\"},{\"@type\":\"ListItem\",\"position\":2,\"name\":\"Compliance\"}]},{\"@type\":\"WebSite\",\"@id\":\"https:\\\/\\\/www.cib.de\\\/#website\",\"url\":\"https:\\\/\\\/www.cib.de\\\/\",\"name\":\"CIB Group\",\"description\":\"Digitalisierung, Prozessautomatisierung, K\u00fcnstliche Intelligenz\",\"publisher\":{\"@id\":\"https:\\\/\\\/www.cib.de\\\/#organization\"},\"potentialAction\":[{\"@type\":\"SearchAction\",\"target\":{\"@type\":\"EntryPoint\",\"urlTemplate\":\"https:\\\/\\\/www.cib.de\\\/?s={search_term_string}\"},\"query-input\":{\"@type\":\"PropertyValueSpecification\",\"valueRequired\":true,\"valueName\":\"search_term_string\"}}],\"inLanguage\":\"pt-PT\"},{\"@type\":\"Organization\",\"@id\":\"https:\\\/\\\/www.cib.de\\\/#organization\",\"name\":\"CIB Group\",\"url\":\"https:\\\/\\\/www.cib.de\\\/\",\"logo\":{\"@type\":\"ImageObject\",\"inLanguage\":\"pt-PT\",\"@id\":\"https:\\\/\\\/www.cib.de\\\/#\\\/schema\\\/logo\\\/image\\\/\",\"url\":\"https:\\\/\\\/www.cib.de\\\/wp-content\\\/uploads\\\/2023\\\/10\\\/CIB_Logo_.svg\",\"contentUrl\":\"https:\\\/\\\/www.cib.de\\\/wp-content\\\/uploads\\\/2023\\\/10\\\/CIB_Logo_.svg\",\"width\":283,\"height\":128,\"caption\":\"CIB Group\"},\"image\":{\"@id\":\"https:\\\/\\\/www.cib.de\\\/#\\\/schema\\\/logo\\\/image\\\/\"},\"sameAs\":[\"https:\\\/\\\/www.linkedin.com\\\/company\\\/cib\\\/\"]}]}<\/script>\n<!-- \/ Yoast SEO plugin. -->","yoast_head_json":{"title":"Compliance - CIB Group","robots":{"index":"index","follow":"follow","max-snippet":"max-snippet:-1","max-image-preview":"max-image-preview:large","max-video-preview":"max-video-preview:-1"},"canonical":"https:\/\/www.cib.de\/pt\/compliance\/","og_locale":"pt_PT","og_type":"article","og_title":"Compliance - CIB Group","og_description":"Compliance Datenschutz und Informationssicherheit als Priorit\u00e4t Die CIB software GmbH ist von der British Standards Institution offiziell gem\u00e4\u00df ISO\/IEC 27001 zertifiziert. Die Zertifizierung unterstreicht unseren hohen Anspruch an unsere Sicherheitsstandards. Diese international anerkannte Norm definiert Anforderungen an den Aufbau, die Umsetzung und die kontinuierliche Verbesserung eines strukturierten Managementsystems f\u00fcr Informationssicherheit.\u00a0 Zertifikat herunterladen (PDF) TISAX\u00ae-Assessment f\u00fcr ... Ler mais","og_url":"https:\/\/www.cib.de\/pt\/compliance\/","og_site_name":"CIB Group","article_publisher":"https:\/\/www.linkedin.com\/company\/cib\/","article_modified_time":"2026-04-20T11:30:07+00:00","og_image":[{"width":921,"height":468,"url":"https:\/\/www.cib.de\/wp-content\/uploads\/2026\/03\/ISOIE-C27007_compleate-black.png","type":"image\/png"}],"twitter_card":"summary_large_image","twitter_misc":{"Tempo estimado de leitura":"1 minuto"},"schema":{"@context":"https:\/\/schema.org","@graph":[{"@type":"WebPage","@id":"https:\/\/www.cib.de\/compliance\/","url":"https:\/\/www.cib.de\/compliance\/","name":"Compliance - CIB Group","isPartOf":{"@id":"https:\/\/www.cib.de\/#website"},"primaryImageOfPage":{"@id":"https:\/\/www.cib.de\/compliance\/#primaryimage"},"image":{"@id":"https:\/\/www.cib.de\/compliance\/#primaryimage"},"thumbnailUrl":"https:\/\/www.cib.de\/wp-content\/uploads\/2026\/03\/ISOIE-C27007_compleate-black.png","datePublished":"2026-04-07T09:47:39+00:00","dateModified":"2026-04-20T11:30:07+00:00","breadcrumb":{"@id":"https:\/\/www.cib.de\/compliance\/#breadcrumb"},"inLanguage":"pt-PT","potentialAction":[{"@type":"ReadAction","target":["https:\/\/www.cib.de\/compliance\/"]}]},{"@type":"ImageObject","inLanguage":"pt-PT","@id":"https:\/\/www.cib.de\/compliance\/#primaryimage","url":"https:\/\/www.cib.de\/wp-content\/uploads\/2026\/03\/ISOIE-C27007_compleate-black.png","contentUrl":"https:\/\/www.cib.de\/wp-content\/uploads\/2026\/03\/ISOIE-C27007_compleate-black.png","width":921,"height":468},{"@type":"BreadcrumbList","@id":"https:\/\/www.cib.de\/compliance\/#breadcrumb","itemListElement":[{"@type":"ListItem","position":1,"name":"Home","item":"https:\/\/www.cib.de\/"},{"@type":"ListItem","position":2,"name":"Compliance"}]},{"@type":"WebSite","@id":"https:\/\/www.cib.de\/#website","url":"https:\/\/www.cib.de\/","name":"CIB Group","description":"Digitalisierung, Prozessautomatisierung, K\u00fcnstliche Intelligenz","publisher":{"@id":"https:\/\/www.cib.de\/#organization"},"potentialAction":[{"@type":"SearchAction","target":{"@type":"EntryPoint","urlTemplate":"https:\/\/www.cib.de\/?s={search_term_string}"},"query-input":{"@type":"PropertyValueSpecification","valueRequired":true,"valueName":"search_term_string"}}],"inLanguage":"pt-PT"},{"@type":"Organization","@id":"https:\/\/www.cib.de\/#organization","name":"CIB Group","url":"https:\/\/www.cib.de\/","logo":{"@type":"ImageObject","inLanguage":"pt-PT","@id":"https:\/\/www.cib.de\/#\/schema\/logo\/image\/","url":"https:\/\/www.cib.de\/wp-content\/uploads\/2023\/10\/CIB_Logo_.svg","contentUrl":"https:\/\/www.cib.de\/wp-content\/uploads\/2023\/10\/CIB_Logo_.svg","width":283,"height":128,"caption":"CIB Group"},"image":{"@id":"https:\/\/www.cib.de\/#\/schema\/logo\/image\/"},"sameAs":["https:\/\/www.linkedin.com\/company\/cib\/"]}]}},"post_mailing_queue_ids":[],"_links":{"self":[{"href":"https:\/\/www.cib.de\/pt\/wp-json\/wp\/v2\/pages\/135203","targetHints":{"allow":["GET"]}}],"collection":[{"href":"https:\/\/www.cib.de\/pt\/wp-json\/wp\/v2\/pages"}],"about":[{"href":"https:\/\/www.cib.de\/pt\/wp-json\/wp\/v2\/types\/page"}],"author":[{"embeddable":true,"href":"https:\/\/www.cib.de\/pt\/wp-json\/wp\/v2\/users\/240"}],"replies":[{"embeddable":true,"href":"https:\/\/www.cib.de\/pt\/wp-json\/wp\/v2\/comments?post=135203"}],"version-history":[{"count":88,"href":"https:\/\/www.cib.de\/pt\/wp-json\/wp\/v2\/pages\/135203\/revisions"}],"predecessor-version":[{"id":135487,"href":"https:\/\/www.cib.de\/pt\/wp-json\/wp\/v2\/pages\/135203\/revisions\/135487"}],"wp:featuredmedia":[{"embeddable":true,"href":"https:\/\/www.cib.de\/pt\/wp-json\/wp\/v2\/media\/135200"}],"wp:attachment":[{"href":"https:\/\/www.cib.de\/pt\/wp-json\/wp\/v2\/media?parent=135203"}],"wp:term":[{"taxonomy":"category","embeddable":true,"href":"https:\/\/www.cib.de\/pt\/wp-json\/wp\/v2\/categories?post=135203"}],"curies":[{"name":"wp","href":"https:\/\/api.w.org\/{rel}","templated":true}]}}